{"id":14504,"date":"2025-09-05T12:23:57","date_gmt":"2025-09-05T11:23:57","guid":{"rendered":"https:\/\/bantoro.com\/shop\/unkategorisiert\/jagd-lederpeitsche-winslow-jagdpeitschenriemen-mit-fuchskragent-4-fuss-braun\/"},"modified":"2026-04-30T10:30:35","modified_gmt":"2026-04-30T09:30:35","slug":"braune-jagd-lederpeitsche","status":"publish","type":"product","link":"https:\/\/bantoro.com\/de\/shop\/fuchsfpeitsche\/braune-jagd-lederpeitsche\/","title":{"rendered":"Jagd-Lederpeitsche \u2013 Winslow Jagdpeitschenriemen mit Fuchskragent (4 Fu\u00df) Braun"},"content":{"rendered":"<p data-start=\"649\" data-end=\"968\">Verbessern Sie Ihr Jagd- und Reiterlebnis mit dem <strong data-start=\"705\" data-end=\"745\">\u201eWinslow\u201c Jagd-Lederpeitschenriemen, <\/strong>einem handgefertigten Meisterwerk, das f\u00fcr Tradition, Pr\u00e4zision und Langlebigkeit steht. Hergestellt aus <strong data-start=\"834\" data-end=\"878\">handgeflochtenem braunem und rotem Premiumleder<\/strong>, vereint diese <strong data-start=\"885\" data-end=\"905\">4 Fu\u00df lange Jagdpeitsche<\/strong> <strong data-start=\"913\" data-end=\"965\">traditionelle Handwerkskunst mit moderner Funktionalit\u00e4t.<\/strong><\/p>\n<p data-start=\"970\" data-end=\"1276\">Ausgestattet mit einem <strong data-start=\"982\" data-end=\"1006\">Fuchsjagd-Peitschenkopfkragen<\/strong> bietet diese Peitsche hervorragende Kontrolle und Leistung und ist damit die perfekte Wahl sowohl f\u00fcr <strong data-start=\"1099\" data-end=\"1111\">Fuchsjagden<\/strong> als auch f\u00fcr <strong data-start=\"1116\" data-end=\"1137\">Reitveranstaltungen<\/strong>. Der <strong data-start=\"1143\" data-end=\"1170\">Winslow Jagdpeitschenriemen<\/strong> ist in erster Linie f\u00fcr Herren konzipiert, eignet sich jedoch ebenso f\u00fcr Damen, die zeitlose Qualit\u00e4t und Stil sch\u00e4tzen.<\/p>\n<p data-start=\"1278\" data-end=\"1297\"><strong data-start=\"1278\" data-end=\"1295\">Hauptmerkmale:<\/strong><\/p>\n<ul data-start=\"1298\" data-end=\"1793\">\n<li data-start=\"1298\" data-end=\"1405\">\n<p data-start=\"1300\" data-end=\"1405\"><strong data-start=\"1300\" data-end=\"1338\">Handgeflochtene Lederhandwerkskunst<\/strong> \u2013 Langlebiges braun-rotes Leder mit traditioneller geflochtener Verarbeitung.<\/p>\n<\/li>\n<li data-start=\"1406\" data-end=\"1493\">\n<p data-start=\"1408\" data-end=\"1493\"><strong data-start=\"1408\" data-end=\"1426\">Perfekte L\u00e4nge<\/strong> \u2013 3 ft (90 cm) Riemen + 1 ft (30 cm) Peitschenriemen\/Cracker = insgesamt 4 ft (1,2 m).<\/p>\n<\/li>\n<li data-start=\"1494\" data-end=\"1586\">\n<p data-start=\"1496\" data-end=\"1586\"><strong data-start=\"1496\" data-end=\"1520\">Fuchsjagd-Peitschenkopfkragen<\/strong> \u2013 verbessert Kontrolle, Pr\u00e4zision und die authentische Jagdtradition.<\/p>\n<\/li>\n<li data-start=\"1587\" data-end=\"1686\">\n<p data-start=\"1589\" data-end=\"1686\"><strong data-start=\"1589\" data-end=\"1618\">Vielseitig f\u00fcr Reiter<\/strong> \u2013 Als <strong data-start=\"1635\" data-end=\"1658\">Jagdpeitsche f\u00fcr Herren<\/strong> konzipiert, jedoch auch f\u00fcr Damen geeignet.<\/p>\n<\/li>\n<li data-start=\"1687\" data-end=\"1793\">\n<p data-start=\"1689\" data-end=\"1793\"><strong data-start=\"1689\" data-end=\"1716\">Hochwertiges Premiumleder <\/strong>\u2013 Aus erstklassigem Vollnarbenleder gefertigt f\u00fcr langanhaltende Haltbarkeit und Eleganz.<\/p>\n<\/li>\n<\/ul>\n<p data-start=\"1795\" data-end=\"1902\">Stolz aus dem <strong data-start=\"1820\" data-end=\"1838\">Vereinigten K\u00f6nigreich<\/strong> versandt. Bitte pr\u00fcfen Sie vor der Bestellung die lokalen Zollbestimmungen.<\/p>\n<p data-start=\"1904\" data-end=\"2021\">F\u00fcr weitere hochwertige Jagd- und Reitausr\u00fcstung entdecken Sie unsere gesamte Kollektion auf <a class=\"decorated-link\" href=\"https:\/\/bantoro.com\/?utm_source=chatgpt.com\" target=\"_new\" rel=\"noopener\" data-start=\"1984\" data-end=\"2019\">Bantoro.com<\/a><\/p>\n","protected":false},"excerpt":{"rendered":"<ul>\n<li data-start=\"2122\" data-end=\"2173\">Handgeflochtene braun-rote Jagd-Lederpeitsche<\/li>\n<li data-start=\"2176\" data-end=\"2225\">Gesamtl\u00e4nge 4 ft \u2013 3 ft Riemen + 1 ft Peitschenriemen\/Cracker<\/li>\n<li data-start=\"2228\" data-end=\"2277\">Mit <strong data-start=\"2237\" data-end=\"2261\">Fuchsjagd-Peitschenkopfkragen<\/strong> f\u00fcr Pr\u00e4zision ausgestattet.<\/li>\n<li data-start=\"2280\" data-end=\"2331\">Ideale <strong data-start=\"2286\" data-end=\"2310\">Jagdpeitsche Reiter<\/strong> f\u00fcr Reiterinnen und (Herren &amp; Damen)<\/li>\n<li data-start=\"2334\" data-end=\"2385\"><strong data-start=\"2334\" data-end=\"2363\">Hochwertiges Vollnarbenleder <\/strong>\u2013 langlebig &amp; elegant<\/li>\n<\/ul>\n","protected":false},"featured_media":14495,"template":"","meta":[],"product_brand":[],"product_cat":[1195],"product_tag":[986,1024,1041,1044,1079,1142,1019,1412,1448],"class_list":{"0":"post-14504","1":"product","2":"type-product","3":"status-publish","4":"has-post-thumbnail","6":"product_cat-fuchsfpeitsche","7":"product_tag-braun-rote-lederpeitsche","8":"product_tag-fox-whip-kopfhalfter","9":"product_tag-hunt-whip-riemen","10":"product_tag-jagd-lederpeitsche","11":"product_tag-pferdepeitsche-aus-leder","12":"product_tag-premium-lederreitpeitsche","13":"product_tag-reitausrustung-fur-die-jagd","14":"product_tag-traditionelle-jagdpeitsche","15":"product_tag-winslow-hunt-peitsche","17":"first","18":"instock","19":"sale","20":"taxable","21":"shipping-taxable","22":"purchasable","23":"product-type-simple"},"_links":{"self":[{"href":"https:\/\/bantoro.com\/de\/wp-json\/wp\/v2\/product\/14504","targetHints":{"allow":["GET"]}}],"collection":[{"href":"https:\/\/bantoro.com\/de\/wp-json\/wp\/v2\/product"}],"about":[{"href":"https:\/\/bantoro.com\/de\/wp-json\/wp\/v2\/types\/product"}],"wp:featuredmedia":[{"embeddable":true,"href":"https:\/\/bantoro.com\/de\/wp-json\/wp\/v2\/media\/14495"}],"wp:attachment":[{"href":"https:\/\/bantoro.com\/de\/wp-json\/wp\/v2\/media?parent=14504"}],"wp:term":[{"taxonomy":"product_brand","embeddable":true,"href":"https:\/\/bantoro.com\/de\/wp-json\/wp\/v2\/product_brand?post=14504"},{"taxonomy":"product_cat","embeddable":true,"href":"https:\/\/bantoro.com\/de\/wp-json\/wp\/v2\/product_cat?post=14504"},{"taxonomy":"product_tag","embeddable":true,"href":"https:\/\/bantoro.com\/de\/wp-json\/wp\/v2\/product_tag?post=14504"}],"curies":[{"name":"wp","href":"https:\/\/api.w.org\/{rel}","templated":true}]}}