{"id":14397,"date":"2023-07-20T14:37:24","date_gmt":"2023-07-20T13:37:24","guid":{"rendered":"https:\/\/bantoro.com\/shop\/unkategorisiert\/leder-bullwhip-in-brauner-farbe-8-fuss-12-fach-geflochten-inspiriert-von-indiana-jones-professionelle-qualitaet\/"},"modified":"2026-04-27T14:13:53","modified_gmt":"2026-04-27T13:13:53","slug":"braun-8-fuss","status":"publish","type":"product","link":"https:\/\/bantoro.com\/de\/shop\/leder-bullwhips\/braun-8-fuss\/","title":{"rendered":"Leder-Bullwhip in brauner Farbe, 8 Fu\u00df, 12-fach geflochten \u2013 inspiriert von Indiana Jones, professionelle Qualit\u00e4t"},"content":{"rendered":"<p>Entfesseln Sie Ihr volles Potenzial mit unserer <strong>braunen Bullwhip aus echtem Leder,<\/strong> <strong data-start=\"713\" data-end=\"776\">inspiriert vom klassischen Indiana-Jones-Abenteuerstil<\/strong> und entwickelt f\u00fcr alle, die sowohl Wert auf <strong>Langlebigkeit <\/strong>als auch auf <strong>Leistung <\/strong>legen. Diese <strong>8 Fu\u00df (2,4 m)<\/strong> lange <strong>Bullwhip <\/strong>wird sorgf\u00e4ltig von Hand aus <strong>100 % hochwertigem<\/strong> Vollnarbenleder gefertigt und verf\u00fcgt \u00fcber <strong>12 Flechtstr\u00e4nge<\/strong>, die maximale St\u00e4rke und Widerstandsf\u00e4higkeit gew\u00e4hrleisten. <strong data-start=\"1327\" data-end=\"1380\">Dadurch eignet sie sich ideal f\u00fcr abenteuerliches Peitschenknallen.<\/strong> Perfekt f\u00fcr das <strong>Peitschenknallen <\/strong>\u2013 egal, ob Sie Profi oder begeisterter Einsteiger sind.<\/p>\n<figure id=\"attachment_14384\" aria-describedby=\"caption-attachment-14384\" style=\"width: 690px\" class=\"wp-caption alignnone\"><img fetchpriority=\"high\" decoding=\"async\" class=\" wp-image-11230\" src=\"https:\/\/bantoro.com\/wp-content\/uploads\/2025\/12\/Indiana-Jones-Inspired-Bullwhips-300x300.webp\" alt=\"Von Indiana Jones inspirierter Abenteurer, der eine 8-Fu\u00df-Bullwhip aus K\u00e4nguruleder in Aktion knallen l\u00e4sst.\" width=\"690\" height=\"690\" srcset=\"https:\/\/bantoro.com\/wp-content\/uploads\/2025\/12\/Indiana-Jones-Inspired-Bullwhips-300x300.webp 300w, https:\/\/bantoro.com\/wp-content\/uploads\/2025\/12\/Indiana-Jones-Inspired-Bullwhips-1024x1024.webp 1024w, https:\/\/bantoro.com\/wp-content\/uploads\/2025\/12\/Indiana-Jones-Inspired-Bullwhips-150x150.webp 150w, https:\/\/bantoro.com\/wp-content\/uploads\/2025\/12\/Indiana-Jones-Inspired-Bullwhips-768x768.webp 768w, https:\/\/bantoro.com\/wp-content\/uploads\/2025\/12\/Indiana-Jones-Inspired-Bullwhips-1536x1536.webp 1536w, https:\/\/bantoro.com\/wp-content\/uploads\/2025\/12\/Indiana-Jones-Inspired-Bullwhips-600x600.webp 600w, https:\/\/bantoro.com\/wp-content\/uploads\/2025\/12\/Indiana-Jones-Inspired-Bullwhips-100x100.webp 100w, https:\/\/bantoro.com\/wp-content\/uploads\/2025\/12\/Indiana-Jones-Inspired-Bullwhips-50x50.webp 50w, https:\/\/bantoro.com\/wp-content\/uploads\/2025\/12\/Indiana-Jones-Inspired-Bullwhips.webp 1920w\" sizes=\"(max-width: 690px) 100vw, 690px\" \/><figcaption id=\"caption-attachment-14384\" class=\"wp-caption-text\"><a href=\"https:\/\/bantoro.com\/de\/?attachment_id=11230\">Von Indiana Jones inspirierte Bullwhip<\/a> aus hochwertigem K\u00e4nguruleder, entwickelt f\u00fcr Leistung und Abenteuer.<\/figcaption><\/figure>\n<p>Wichtige Merkmale umfassen:<\/p>\n<ul>\n<li><strong>L\u00e4nge<\/strong>: 8 Fu\u00df (2,4 Meter), ideal f\u00fcr Kontrolle und Pr\u00e4zision.<\/li>\n<li><strong>Material<\/strong>: 100 % echtes <strong>Premium-Leder<\/strong> f\u00fcr eine langanhaltende Nutzung.<\/li>\n<li><strong>12-fach geflochten<\/strong>: Aus 12 einzelnen Lederstr\u00e4ngen gefertigt f\u00fcr erh\u00f6hte Haltbarkeit.<\/li>\n<li><strong>Griff<\/strong>: Gut ausbalancierter 9-Zoll-Griff mit robustem Kern und einer komfortablen Handgelenkschlaufe f\u00fcr bessere Kontrolle.<\/li>\n<li><strong>Peitschenfall &amp; Cracker:<\/strong> Enth\u00e4lt einen 16-Zoll-Peitschenfall und einen 9-Zoll-Cracker, der f\u00fcr beeindruckenden Klang und Pr\u00e4zision sorgt.<\/li>\n<li><strong>Farbe<\/strong>: Braun \u2013 die tats\u00e4chliche Farbe kann aufgrund der nat\u00fcrlichen Eigenschaften des Leders leicht variieren.<\/li>\n<li><strong>Zus\u00e4tzlicher Halter:<\/strong> Leder-G\u00fcrtelhalter f\u00fcr zus\u00e4tzlich 10,00 \u20ac erh\u00e4ltlich (je nach Verf\u00fcgbarkeit).<\/li>\n<\/ul>\n<p>Diese <strong>robuste Bullwhip<\/strong> ist f\u00fcr<strong> lautes Knallen<\/strong> und den <strong>professionellen Einsatz<\/strong> konzipiert. Ob Sie trainieren, auftreten oder eine T\u00e4tigkeit aus\u00fcben, die Pr\u00e4zision erfordert \u2013 diese<strong> langlebige Lederpeitsche<\/strong> bietet die perfekte Balance zwischen Flexibilit\u00e4t und Kraft. Sie ist auch eine beliebte Wahl f\u00fcr von <strong data-start=\"1631\" data-end=\"1711\">Indiana Jones inspiriertes Cosplay, Sammler sowie f\u00fcr Abenteuer-Performance-Darbietungen.<\/strong><\/p>\n<p>F\u00fcr weitere Informationen zur<strong> Pflege der Peitsche<\/strong> und zum <strong>Einspielen <\/strong>Ihrer Bullwhip besuchen Sie unseren <a href=\"https:\/\/bantoro.com\/ultimativer Leder-Bullwhip-Pflegeleitfaden\/\" target=\"_new\" rel=\"noopener\">ultimativen Leder-Bullwhip-Pflegeleitfaden<\/a> sowie \u201e<a href=\"https:\/\/bantoro.com\/Bullwhip einspielen &amp; die Peitsche meistern\/&lt;br&gt; &lt;br&gt;\" target=\"_new\" rel=\"noopener\">Bullwhip einspielen &amp; den Umgang mit der Peitsche meistern\u201c.<\/a><\/p>\n<p>Besuchen Sie unsere Website <a href=\"https:\/\/bantoro.com\/de\/\" target=\"_new\" rel=\"noopener\">Bantoro.com<\/a> f\u00fcr weitere Produkte und Tipps!<\/p>\n","protected":false},"excerpt":{"rendered":"<p><strong>Braune Bullwhip aus echtem Leder, 8 Fu\u00df, 12-fach geflochten \u2013 <a href=\"https:\/\/bantoro.com\/Produktkategorie\/Indiana-Jones-inspirierte Bullwhips\/\">inspiriert von Indiana Jones<\/a><\/strong><\/p>\n<ul>\n<li><strong>Braune echte Lederpeitsche <\/strong>\u2013 8ft Bullwhip mit <strong>12-facher<\/strong> Flechtung f\u00fcr Langlebigkeit. Inspiriert vom klassischen<strong> Indiana-Jones-Stil der Bullwhips.<\/strong><\/li>\n<li><strong>Hochwertiges Leder<\/strong> f\u00fcr ein <strong>lautes Knallger\u00e4usch.<\/strong><\/li>\n<li><strong>Robuste Bullwhip<\/strong> mit gut ausbalanciertem Griff f\u00fcr einfache Kontrolle.<\/li>\n<li>Inklusive Leder-G\u00fcrtelhalter (gegen Aufpreis).<\/li>\n<li>Professionelle Peitsche f\u00fcr Performance und Training, <strong data-start=\"2857\" data-end=\"2907\">ideal f\u00fcr von Indiana Jones inspirierten Abenteuer-Einsatz.<\/strong><\/li>\n<\/ul>\n","protected":false},"featured_media":14385,"comment_status":"open","ping_status":"closed","template":"","meta":[],"product_brand":[],"product_cat":[1230,1200],"product_tag":[940,989,942,1605,1593,1963,1907,1155],"class_list":{"0":"post-14397","1":"product","2":"type-product","3":"status-publish","4":"has-post-thumbnail","6":"product_cat-leder-bullwhips","7":"product_cat-indiana-jones-inspirierte-peitschen","8":"product_tag-8-fus-bullwhip-2","9":"product_tag-bullwhip","10":"product_tag-bullwhip-mit-12-zopfen","11":"product_tag-bullwhip-mit-holster","12":"product_tag-bullwhip-zu-verkaufen","13":"product_tag-lauter-peitsche","14":"product_tag-lederpeitsche","15":"product_tag-professioneller-bullwhip","17":"first","18":"instock","19":"sale","20":"taxable","21":"shipping-taxable","22":"purchasable","23":"product-type-simple"},"_links":{"self":[{"href":"https:\/\/bantoro.com\/de\/wp-json\/wp\/v2\/product\/14397","targetHints":{"allow":["GET"]}}],"collection":[{"href":"https:\/\/bantoro.com\/de\/wp-json\/wp\/v2\/product"}],"about":[{"href":"https:\/\/bantoro.com\/de\/wp-json\/wp\/v2\/types\/product"}],"replies":[{"embeddable":true,"href":"https:\/\/bantoro.com\/de\/wp-json\/wp\/v2\/comments?post=14397"}],"wp:featuredmedia":[{"embeddable":true,"href":"https:\/\/bantoro.com\/de\/wp-json\/wp\/v2\/media\/14385"}],"wp:attachment":[{"href":"https:\/\/bantoro.com\/de\/wp-json\/wp\/v2\/media?parent=14397"}],"wp:term":[{"taxonomy":"product_brand","embeddable":true,"href":"https:\/\/bantoro.com\/de\/wp-json\/wp\/v2\/product_brand?post=14397"},{"taxonomy":"product_cat","embeddable":true,"href":"https:\/\/bantoro.com\/de\/wp-json\/wp\/v2\/product_cat?post=14397"},{"taxonomy":"product_tag","embeddable":true,"href":"https:\/\/bantoro.com\/de\/wp-json\/wp\/v2\/product_tag?post=14397"}],"curies":[{"name":"wp","href":"https:\/\/api.w.org\/{rel}","templated":true}]}}