{"id":14321,"date":"2023-01-07T16:51:25","date_gmt":"2023-01-07T16:51:25","guid":{"rendered":"https:\/\/bantoro.com\/shop\/unkategorisiert\/schwarze-nylon-bullwhip-16-fach-geflochtene-paracord-peitsche-fuer-training-performance\/"},"modified":"2026-04-24T14:37:17","modified_gmt":"2026-04-24T13:37:17","slug":"schwarzes-paracord-nylon","status":"publish","type":"product","link":"https:\/\/bantoro.com\/de\/shop\/paracord-nylon-bullenpeitschen\/schwarzes-paracord-nylon\/","title":{"rendered":"Schwarze Nylon-Bullwhip \u2013 16-fach geflochtene Paracord-Peitsche f\u00fcr Training &amp; Performance"},"content":{"rendered":"<p style=\"text-align: center;\"> <\/p>\n<div class=\"epyt-video-wrapper\"><iframe  id=\"_ytid_88153\"  width=\"800\" height=\"450\"  data-origwidth=\"800\" data-origheight=\"450\" src=\"https:\/\/www.youtube.com\/embed\/Da2LA7O8OBQ[\/embedyt]<\/p>\n<p>?enablejsapi=1&#038;autoplay=0&#038;cc_load_policy=0&#038;cc_lang_pref=&#038;iv_load_policy=1&#038;loop=0&#038;rel=0&#038;fs=1&#038;playsinline=0&#038;autohide=2&#038;theme=dark&#038;color=red&#038;controls=1&#038;disablekb=0&#038;&#8220; class=&#8220;__youtube_prefs__  epyt-is-override  no-lazyload&#8220; data-vol=&#8220;50&#8243;  title=&#8220;YouTube player&#8220;  allow=&#8220;fullscreen; accelerometer; autoplay; clipboard-write; encrypted-media; gyroscope; picture-in-picture; web-share&#8220; referrerpolicy=&#8220;strict-origin-when-cross-origin&#8220; allowfullscreen data-no-lazy=&#8220;1&#8243; data-skipgform_ajax_framebjll=&#8220;&#8220;><\/iframe><\/div>\n<p>Nylon-Bullwhip, entwickelt f\u00fcr Training und Performance. Diese Paracord-Bullwhip ist ideal f\u00fcr Nutzer, die nach einer Nylonpeitsche, einer Paracord-Peitsche oder professioneller Ausr\u00fcstung zum Peitschenknallen suchen. <\/p>\n<p style=\"text-align: center;\">Einf\u00fchrung der <strong>schwarzen Paracord-Nylon-Bullwhip<\/strong><\/p>\n<p>Einf\u00fchrung der <em>Schwarze Paracord-Nylon-Bullwhip<\/em> \u2013 das ultimative Werkzeug f\u00fcr Profis und Enthusiasten gleicherma\u00dfen. Diese fachm\u00e4nnisch handgefertigte, robuste Bullwhip verf\u00fcgt \u00fcber ein 16-fach geflochtenes Design f\u00fcr erh\u00f6hte Haltbarkeit und Flexibilit\u00e4t und ist damit ein Must-have f\u00fcr Peitschenknallen, Training und Performance. Erh\u00e4ltlich in mehreren Gr\u00f6\u00dfen von 4 Fu\u00df bis 24 Fu\u00df, liefert diese Peitsche einen lauten, klaren Knall, der sicherstellt, dass Ihre Pr\u00e4senz stets wahrgenommen wird. Diese Nylonpeitsche bietet hervorragende Kontrolle und Haltbarkeit f\u00fcr eine gleichbleibende Leistung.  <\/p>\n<p>Hergestellt aus hochwertigem, langlebigem <em>Paracord\/Nylon<\/em> verf\u00fcgt die <em>Bullwhip<\/em> au\u00dferdem \u00fcber einen 9-Zoll-Griff mit einem Edelstahlkern f\u00fcr Balance und Kontrolle. Das Set wird komplett mit einem Leder-G\u00fcrtelhalter, 2 Ersatzfalls und Crackern\/Poppers im Wert von \u00a320,00 geliefert (je nach Verf\u00fcgbarkeit). <\/p>\n<p>Perfekt f\u00fcr Anf\u00e4nger und fortgeschrittene Nutzer geeignet, ist diese Peitsche f\u00fcr eine <em>einfache Handhabung<\/em> mit einem Handgelenkgriff und einer <em>Aufh\u00e4ngeschlaufe zur Lagerung <\/em>ausgestattet. Ob Sie ein professioneller Peitschenk\u00fcnstler sind oder einfach Ihre F\u00e4higkeiten trainieren m\u00f6chten \u2013 diese<em> Paracord-Bullwhip <\/em>ist so konzipiert, dass sie wiederholtem Gebrauch standh\u00e4lt und dabei ihre Form sowie die Qualit\u00e4t des Knalls beibeh\u00e4lt. <\/p>\n<p data-start=\"2270\" data-end=\"2299\"><strong data-start=\"2270\" data-end=\"2299\">Verwandte Kategorie erkunden:<\/strong><\/p>\n<ul data-start=\"2301\" data-end=\"2327\">\n<li data-start=\"2301\" data-end=\"2327\"><a href=\"https:\/\/bantoro.com\/de\/produkt-kategorie\/paracord-nylon-bullenpeitschen\/\">Paracord-Nylon-Peitschen<\/a><\/li>\n<\/ul>\n<p>F\u00fcr weitere Informationen zur Beherrschung Ihrer Peitsche besuchen Sie <a href=\"https:\/\/bantoro.com\/einlernen-bullenpeitsche-und-meistern-ihrer-peitsche\/\" target=\"_new\" rel=\"noopener\">unseren Leitfaden zum Einspielen einer Bullwhip und zum Meistern Ihrer Peitsche.<\/a> Sie sind sich nicht sicher, welche Gr\u00f6\u00dfe die richtige ist? Sehen Sie sich unseren <a href=\"https:\/\/bantoro.com\/peitschen-laengen-groessenleitfaden\/\">Gr\u00f6\u00dfenleitfaden f\u00fcr Peitschen<\/a> an, um die passende L\u00e4nge zu w\u00e4hlen. Entdecken Sie alle unsere Bullwhips und Zubeh\u00f6rteile auf <a href=\"https:\/\/bantoro.com\/de\/\" target=\"_new\" rel=\"noopener\">Bantoro.com.<\/a>   <\/p>\n<div class=\"brtpmj_reviews_container\"><div class=\"brtpmj_businessheader\">\r\n\t\t\t\t\t\t<img decoding=\"async\" src=\"\/\/s3-eu-west-1.amazonaws.com\/tpd\/logos\/6617aecf4e6fa9ea40f2b01a\/0x0.png\" alt=\"Bantoro\">\r\n\t\t\t\t\t\t<h2 class=\"brtpmj_business_name\">Bantoro<\/h2>\r\n\t\t\t\t\t<\/div><p class=\"brtpmj_business_ratings\">\r\n\t\t\t\t\t\t<span class=\"brtpmj_br_score\">4.8<\/span>\r\n\t\t\t\t\t\t<span class=\"brtpmj_br_score_img\"><img decoding=\"async\" src=\"https:\/\/bantoro.com\/wp-content\/plugins\/better-business-reviews\/assets\/stars-5.svg\" alt=\"5 stars\"><\/span>\r\n\t\t\t\t\t\t<span class=\"brtpmj_br_count\">39 Reviews<\/span>\r\n\t\t\t\t\t<\/p><div class=\"\"><div class=\"brtpmj_all_reviews\"><div class=\"brtpmj_single_rvw\">\r\n\t\t\t\t\t\t\t\t\t\r\n\t\t\t\t\t\t<div class=\"brtpmj_sr_author_overview\">\r\n\t\t\t\t\t\t\t\r\n\t\t\t\t\t\t\t<div class=\"brtpmj_sr_ab_img\"><span>LvV<\/span><\/div>\r\n\t\t\t\t\t\t\t<div class=\"brtpmj_sr_ab_name_date\">\r\n\t\t\t\t\t\t\t\t<span class=\"brtpmj_sr_ab_name\">LB vd Vuurst<\/span>\r\n\t\t\t\t\t\t\t\t<span class=\"brtpmj_sr_ab_date\">2025-08-15<\/span>\r\n\t\t\t\t\t\t\t<\/div>\r\n\t\t\t\t\t\t\t\r\n\t\t\t\t\t\t<\/div>\r\n\t\t\t\t\t\t\r\n\t\t\t\t\t\t<div class=\"brtpmj_sr_rating\">\r\n\t\t\t\t\t\t\t<span class=\"brtpmj_br_score_img\"><img decoding=\"async\" src=\"https:\/\/bantoro.com\/wp-content\/plugins\/better-business-reviews\/assets\/stars-5.svg\" alt=\"5 stars\"><\/span>\r\n\t\t\t\t\t\t<\/div>\r\n\t\t\t\t\t\t\r\n\t\t\t\t\t\t<div class=\"brtpmj_sr_title\">\r\n\t\t\t\t\t\t\t<h4>Great communication fast shipping<\/h4>\r\n\t\t\t\t\t\t<\/div>\r\n\t\t\t\t\t\t\r\n\t\t\t\t\t\t<div class=\"brtpmj_sr_title\">\r\n\t\t\t\t\t\t\t<p>I placed an order of 2 items but one of the items what we asked for wasnt available. Within 12 hours i got an email with a other suggestions, and so we did a different order. It was shipped really, really fast. And the communication was great. Thank you Jane. Everything recieved and we are happy.<\/p>\r\n\t\t\t\t\t\t<\/div>\r\n\t\t\t\t\t\t\r\n\t\t\t\t\t<\/div><div class=\"brtpmj_single_rvw\">\r\n\t\t\t\t\t\t\t\t\t\r\n\t\t\t\t\t\t<div class=\"brtpmj_sr_author_overview\">\r\n\t\t\t\t\t\t\t\r\n\t\t\t\t\t\t\t<div class=\"brtpmj_sr_ab_img\"><img decoding=\"async\" src=\"https:\/\/user-images.trustpilot.com\/6896a2719600690944faa5c3\/73x73.png\"><\/div>\r\n\t\t\t\t\t\t\t<div class=\"brtpmj_sr_ab_name_date\">\r\n\t\t\t\t\t\t\t\t<span class=\"brtpmj_sr_ab_name\">Jang Yun Boo<\/span>\r\n\t\t\t\t\t\t\t\t<span class=\"brtpmj_sr_ab_date\">2025-08-09<\/span>\r\n\t\t\t\t\t\t\t<\/div>\r\n\t\t\t\t\t\t\t\r\n\t\t\t\t\t\t<\/div>\r\n\t\t\t\t\t\t\r\n\t\t\t\t\t\t<div class=\"brtpmj_sr_rating\">\r\n\t\t\t\t\t\t\t<span class=\"brtpmj_br_score_img\"><img decoding=\"async\" src=\"https:\/\/bantoro.com\/wp-content\/plugins\/better-business-reviews\/assets\/stars-5.svg\" alt=\"5 stars\"><\/span>\r\n\t\t\t\t\t\t<\/div>\r\n\t\t\t\t\t\t\r\n\t\t\t\t\t\t<div class=\"brtpmj_sr_title\">\r\n\t\t\t\t\t\t\t<h4>Lots of Thanks from south Korea Seoul<\/h4>\r\n\t\t\t\t\t\t<\/div>\r\n\t\t\t\t\t\t\r\n\t\t\t\t\t\t<div class=\"brtpmj_sr_title\">\r\n\t\t\t\t\t\t\t<p>Lots of Thanks from south Korea Seoul. well look after service. good tracking infomation. We received item perfectly good shape. very happy about it is all real leather and good quality.<\/p>\r\n\t\t\t\t\t\t<\/div>\r\n\t\t\t\t\t\t\r\n\t\t\t\t\t<\/div><div class=\"brtpmj_single_rvw\">\r\n\t\t\t\t\t\t\t\t\t\r\n\t\t\t\t\t\t<div class=\"brtpmj_sr_author_overview\">\r\n\t\t\t\t\t\t\t\r\n\t\t\t\t\t\t\t<div class=\"brtpmj_sr_ab_img\"><img decoding=\"async\" src=\"https:\/\/user-images.trustpilot.com\/60363e1eeea92f001b60a322\/73x73.png\"><\/div>\r\n\t\t\t\t\t\t\t<div class=\"brtpmj_sr_ab_name_date\">\r\n\t\t\t\t\t\t\t\t<span class=\"brtpmj_sr_ab_name\">~ E ~<\/span>\r\n\t\t\t\t\t\t\t\t<span class=\"brtpmj_sr_ab_date\">2025-08-06<\/span>\r\n\t\t\t\t\t\t\t<\/div>\r\n\t\t\t\t\t\t\t\r\n\t\t\t\t\t\t<\/div>\r\n\t\t\t\t\t\t\r\n\t\t\t\t\t\t<div class=\"brtpmj_sr_rating\">\r\n\t\t\t\t\t\t\t<span class=\"brtpmj_br_score_img\"><img decoding=\"async\" src=\"https:\/\/bantoro.com\/wp-content\/plugins\/better-business-reviews\/assets\/stars-5.svg\" alt=\"5 stars\"><\/span>\r\n\t\t\t\t\t\t<\/div>\r\n\t\t\t\t\t\t\r\n\t\t\t\t\t\t<div class=\"brtpmj_sr_title\">\r\n\t\t\t\t\t\t\t<h4>This is my second order<\/h4>\r\n\t\t\t\t\t\t<\/div>\r\n\t\t\t\t\t\t\r\n\t\t\t\t\t\t<div class=\"brtpmj_sr_title\">\r\n\t\t\t\t\t\t\t<p>This is my second order. Previously I was very happy and satisfied with everything. This time Bantoro even achieved a higher level of customer satisfaction. I needed a whip for the upcoming weekend. And when I contacted the customer service, they could not promise me a guaranteed delivery date other than an expected ETA of 3 - 5 days, also due to possible customs delays. Totally understandable. I had faith in Bantoro because last time, it took only four days from the UK to NL. I ordered the whip on monday and it was shipped the same day because they wanted to make sure I got it on time. It was delivered on wednesday early afternoon!!! Still love the quality of the whip for a great price, and your customer service is next level. Thanks Bantoro!<\/p>\r\n\t\t\t\t\t\t<\/div>\r\n\t\t\t\t\t\t\r\n\t\t\t\t\t<\/div><\/div><\/div><\/div>\n<p>&nbsp;<\/p>\n","protected":false},"excerpt":{"rendered":"<p><strong>Schwarze Nylon-Bullwhip \u2013 16-fach geflochtene Paracord-Peitsche<\/strong><\/p>\n<ul>\n<li>Erh\u00e4ltlich in Gr\u00f6\u00dfen von 4 bis 24 Fu\u00df.<\/li>\n<li>16-fach geflochtenes Design f\u00fcr Haltbarkeit und Flexibilit\u00e4t.<\/li>\n<li>9-Zoll-Griff mit Edelstahlkern<\/li>\n<li>Enth\u00e4lt einen Leder-G\u00fcrtelhalter, 2 Ersatz-Falls und Cracker\/Poppers.<\/li>\n<li>Handgefertigt, laut und flexibel \u2013 ideal f\u00fcr Training und Performance.<\/li>\n<\/ul>\n","protected":false},"featured_media":14313,"comment_status":"closed","ping_status":"closed","template":"","meta":[],"product_brand":[],"product_cat":[1274],"product_tag":[1497,989,1792,1842,1652,1963,1973,1974,1061,1985,1988,1301,949,1675],"class_list":{"0":"post-14321","1":"product","2":"type-product","3":"status-publish","4":"has-post-thumbnail","6":"product_cat-paracord-nylon-bullenpeitschen","7":"product_tag-bauchstuetze-innen","8":"product_tag-bullwhip","9":"product_tag-handgefertigte-bullenpeitsche","10":"product_tag-handgemachte-peitsche","11":"product_tag-knallende-peitsche","12":"product_tag-lauter-peitsche","13":"product_tag-lautes-knallen-der-bullenpeitsche","14":"product_tag-lautes-knallen-der-peitsche","15":"product_tag-leder","16":"product_tag-nylon-bullenpeitsche","17":"product_tag-paracord-peitsche","18":"product_tag-peitsche","19":"product_tag-peitsche-mit-16-zopfen","20":"product_tag-reitsport","22":"first","23":"instock","24":"sale","25":"featured","26":"taxable","27":"shipping-taxable","28":"purchasable","29":"product-type-variable"},"_links":{"self":[{"href":"https:\/\/bantoro.com\/de\/wp-json\/wp\/v2\/product\/14321","targetHints":{"allow":["GET"]}}],"collection":[{"href":"https:\/\/bantoro.com\/de\/wp-json\/wp\/v2\/product"}],"about":[{"href":"https:\/\/bantoro.com\/de\/wp-json\/wp\/v2\/types\/product"}],"replies":[{"embeddable":true,"href":"https:\/\/bantoro.com\/de\/wp-json\/wp\/v2\/comments?post=14321"}],"wp:featuredmedia":[{"embeddable":true,"href":"https:\/\/bantoro.com\/de\/wp-json\/wp\/v2\/media\/14313"}],"wp:attachment":[{"href":"https:\/\/bantoro.com\/de\/wp-json\/wp\/v2\/media?parent=14321"}],"wp:term":[{"taxonomy":"product_brand","embeddable":true,"href":"https:\/\/bantoro.com\/de\/wp-json\/wp\/v2\/product_brand?post=14321"},{"taxonomy":"product_cat","embeddable":true,"href":"https:\/\/bantoro.com\/de\/wp-json\/wp\/v2\/product_cat?post=14321"},{"taxonomy":"product_tag","embeddable":true,"href":"https:\/\/bantoro.com\/de\/wp-json\/wp\/v2\/product_tag?post=14321"}],"curies":[{"name":"wp","href":"https:\/\/api.w.org\/{rel}","templated":true}]}}