{"id":14137,"date":"2023-07-12T14:50:45","date_gmt":"2023-07-12T13:50:45","guid":{"rendered":"https:\/\/bantoro.com\/shop\/unkategorisiert\/braune-kaenguruleder-bullpeitsche-16-fach-geflochtene-von-indiana-jones-inspirierte-peitsche\/"},"modified":"2026-04-21T11:15:10","modified_gmt":"2026-04-21T10:15:10","slug":"16-fach-geflochten","status":"publish","type":"product","link":"https:\/\/bantoro.com\/de\/shop\/indiana-jones-inspirierte-peitschen\/16-fach-geflochten\/","title":{"rendered":"Braune K\u00e4nguruleder-Bullwhip \u2013 16-fach geflochtene, von Indiana Jones inspirierte Peitsche"},"content":{"rendered":"<p style=\"text-align: center;\"><figure class=\"wp-block-embed wp-block-embed-youtube is-type-video is-provider-youtube epyt-figure\"><div class=\"wp-block-embed__wrapper\"><div class=\"epyt-video-wrapper\"><iframe  id=\"_ytid_82629\"  width=\"800\" height=\"450\"  data-origwidth=\"800\" data-origheight=\"450\" src=\"https:\/\/www.youtube.com\/embed\/vWb3IWmjszc?enablejsapi=1&autoplay=0&cc_load_policy=0&cc_lang_pref=&iv_load_policy=1&loop=0&rel=0&fs=1&playsinline=0&autohide=2&theme=dark&color=red&controls=1&disablekb=0&\" class=\"__youtube_prefs__  no-lazyload\" data-vol=\"50\"  title=\"YouTube player\"  allow=\"fullscreen; accelerometer; autoplay; clipboard-write; encrypted-media; gyroscope; picture-in-picture; web-share\" referrerpolicy=\"strict-origin-when-cross-origin\" allowfullscreen data-no-lazy=\"1\" data-skipgform_ajax_framebjll=\"\"><\/iframe><\/div><\/div><\/figure><\/p>\n<p>Die <strong>Braune K\u00e4nguruleder-Bullwhip<\/strong> wird fachm\u00e4nnisch aus hochwertigem <strong>K\u00e4nguruleder<\/strong> handgefertigt und ist <strong data-start=\"1455\" data-end=\"1518\">von klassischen Indiana-Jones\u2013Abenteuer-Bullwhips inspiriert<\/strong>. Sie bietet hervorragende Haltbarkeit und Flexibilit\u00e4t. Perfekt f\u00fcr <strong>professionelle<\/strong> und <strong>gelegentliche<\/strong> Peitschen-Enthusiasten. Diese <strong>16-fach geflochtene Bullwhip<\/strong> ist f\u00fcr <strong>maximale Crack-Leistung<\/strong> ausgelegt und <strong data-start=\"1745\" data-end=\"1812\">ideal f\u00fcr den professionellen Einsatz, Sammler und Cosplay-Enthusiasten<\/strong>. Erh\u00e4ltlich in verschiedenen L\u00e4ngen, von 4 Fu\u00df (1,2 Meter) bis 24 Fu\u00df (7,3 Meter), verf\u00fcgt sie \u00fcber einen gut ausbalancierten <strong>9-Zoll-Griff<\/strong> mit einem <strong>Edelstahlkern<\/strong> f\u00fcr einfache Handhabung und pr\u00e4zise Kontrolle.<\/p>\n<p>Diese handgefertigte Bullwhip aus K\u00e4nguruleder ist in mehreren Gr\u00f6\u00dfen erh\u00e4ltlich und ideal f\u00fcr Darsteller, Sammler und Enthusiasten, die professionelle Qualit\u00e4t suchen.<\/p>\n<figure id=\"attachment_11263\" aria-describedby=\"caption-attachment-11263\" style=\"width: 690px\" class=\"wp-caption alignnone\"><img fetchpriority=\"high\" decoding=\"async\" class=\" wp-image-11263\" src=\"https:\/\/bantoro.com\/wp-content\/uploads\/2023\/07\/Brown-Kangaroo-Leather-Bullwhip-16-Plaits-Indiana-Jones-Inspired-Cracking-Whip-300x300.webp\" alt=\"Von Indiana Jones inspirierte Leder-Bullwhip mit 16 Flechtungen\" width=\"690\" height=\"690\" srcset=\"https:\/\/bantoro.com\/wp-content\/uploads\/2023\/07\/Brown-Kangaroo-Leather-Bullwhip-16-Plaits-Indiana-Jones-Inspired-Cracking-Whip-300x300.webp 300w, https:\/\/bantoro.com\/wp-content\/uploads\/2023\/07\/Brown-Kangaroo-Leather-Bullwhip-16-Plaits-Indiana-Jones-Inspired-Cracking-Whip-1024x1024.webp 1024w, https:\/\/bantoro.com\/wp-content\/uploads\/2023\/07\/Brown-Kangaroo-Leather-Bullwhip-16-Plaits-Indiana-Jones-Inspired-Cracking-Whip-150x150.webp 150w, https:\/\/bantoro.com\/wp-content\/uploads\/2023\/07\/Brown-Kangaroo-Leather-Bullwhip-16-Plaits-Indiana-Jones-Inspired-Cracking-Whip-768x768.webp 768w, https:\/\/bantoro.com\/wp-content\/uploads\/2023\/07\/Brown-Kangaroo-Leather-Bullwhip-16-Plaits-Indiana-Jones-Inspired-Cracking-Whip-1536x1536.webp 1536w, https:\/\/bantoro.com\/wp-content\/uploads\/2023\/07\/Brown-Kangaroo-Leather-Bullwhip-16-Plaits-Indiana-Jones-Inspired-Cracking-Whip-600x600.webp 600w, https:\/\/bantoro.com\/wp-content\/uploads\/2023\/07\/Brown-Kangaroo-Leather-Bullwhip-16-Plaits-Indiana-Jones-Inspired-Cracking-Whip-100x100.webp 100w, https:\/\/bantoro.com\/wp-content\/uploads\/2023\/07\/Brown-Kangaroo-Leather-Bullwhip-16-Plaits-Indiana-Jones-Inspired-Cracking-Whip-50x50.webp 50w, https:\/\/bantoro.com\/wp-content\/uploads\/2023\/07\/Brown-Kangaroo-Leather-Bullwhip-16-Plaits-Indiana-Jones-Inspired-Cracking-Whip.webp 1920w\" sizes=\"(max-width: 690px) 100vw, 690px\" \/><figcaption id=\"caption-attachment-11263\" class=\"wp-caption-text\">Von Indiana Jones inspirierte K\u00e4nguruleder-Bullwhip<\/figcaption><\/figure>\n<p><strong>Hauptmerkmale:<\/strong><\/p>\n<ul>\n<li><strong>Premium K\u00e4nguruleder<\/strong>: Hochwertig, langlebig und flexibel.<\/li>\n<li><strong>16-fach geflochtenes Design<\/strong>: Aus 16 Lederstr\u00e4ngen geflochten f\u00fcr hohe Stabilit\u00e4t und hervorragende Crack-Leistung.<\/li>\n<li><strong>Lautes Knallger\u00e4usch<\/strong>: Erzeugt scharfe, laute Knallger\u00e4usche \u2013 ideal f\u00fcr Performance und Training.<\/li>\n<li><strong>Verschiedene Gr\u00f6\u00dfen<\/strong>: Erh\u00e4ltlich in 4 Fu\u00df (1,2 m), 6 Fu\u00df (1,8 m), 8 Fu\u00df (2,4 m) und mehr.<\/li>\n<li><strong>Fall &amp; Cracker<\/strong>: Inklusive eines <strong>25-Zoll-Falls<\/strong> und eines <strong>9-Zoll-Crackers<\/strong>.<\/li>\n<li><strong>Handgefertigte Qualit\u00e4t<\/strong>: Jede Peitsche wird sorgf\u00e4ltig nach professionellen Standards gefertigt.<\/li>\n<li><strong>Bonus-Zubeh\u00f6r<\/strong>: Inklusive <strong>Leder-G\u00fcrtelhalter<\/strong> und <strong>2 Ersatz-Falls<\/strong> im Wert von \u00a320.<\/li>\n<li><strong>Handschlaufe f\u00fcr Kontrolle<\/strong>: F\u00fcr sicheren und komfortablen Halt.<\/li>\n<\/ul>\n<h3 data-start=\"2703\" data-end=\"2756\">L\u00e4nge und Leistung von Bullwhips verstehen<\/h3>\n<p data-start=\"2758\" data-end=\"3100\">K\u00fcrzere L\u00e4ngen (4\u20136 ft) bieten schnellere Kontrolle und sind ideal f\u00fcr Anf\u00e4nger und Indoor-Training. L\u00e4ngere Bullwhips (8\u201316 ft und mehr) erzeugen gr\u00f6\u00dfere Reichweite und lautere Knalle und sind daher bei Performances und fortgeschrittenem Training beliebt. Fall und Cracker sind austauschbare Komponenten und z\u00e4hlen nicht zur Gesamtl\u00e4nge der Peitsche.<\/p>\n<p>F\u00fcr Tipps zur <strong>Pflege der Peitsche<\/strong> und zum <strong>Erlernen des Bullwhips<\/strong>, besuchen Sie unsere Ressourcen:<\/p>\n<ul>\n<li><a href=\"https:\/\/bantoro.com\/ultimate-leather-bullwhip-care-guide\/\" target=\"_new\" rel=\"noopener\">Bullwhip Pflegeleitfaden<\/a><\/li>\n<li><a href=\"https:\/\/bantoro.com\/break-in-bullwhip-and-mastering-your-whip\/\" target=\"_new\" rel=\"noopener\">Die Peitsche meistern<\/a><\/li>\n<\/ul>\n<p>Suchen Sie nach weiteren abenteuerinspirierten Designs? Durchst\u00f6bern Sie unsere komplette Auswahl an <a href=\"https:\/\/bantoro.com\/de\/?attachment_id=11230\">von Indiana Jones inspirierten Bullwhips<\/a> f\u00fcr Sammler und Performance-Enthusiasten.<\/p>\n<p>Jetzt erh\u00e4ltlich bei <strong>Bantoro<\/strong>, wo wir hochwertige Lederwaren und professionelle Bullwhips anbieten. Der Artikel befindet sich im Vereinigten K\u00f6nigreich; bitte pr\u00fcfen Sie vor dem Kauf die geltenden Zollbestimmungen in Ihrem Land.<\/p>\n<div class=\"brtpmj_reviews_container\"><div class=\"brtpmj_businessheader\">\r\n\t\t\t\t\t\t<img decoding=\"async\" src=\"\/\/s3-eu-west-1.amazonaws.com\/tpd\/logos\/6617aecf4e6fa9ea40f2b01a\/0x0.png\" alt=\"Bantoro\">\r\n\t\t\t\t\t\t<h2 class=\"brtpmj_business_name\">Bantoro<\/h2>\r\n\t\t\t\t\t<\/div><p class=\"brtpmj_business_ratings\">\r\n\t\t\t\t\t\t<span class=\"brtpmj_br_score\">4.8<\/span>\r\n\t\t\t\t\t\t<span class=\"brtpmj_br_score_img\"><img decoding=\"async\" src=\"https:\/\/bantoro.com\/wp-content\/plugins\/better-business-reviews\/assets\/stars-5.svg\" alt=\"5 stars\"><\/span>\r\n\t\t\t\t\t\t<span class=\"brtpmj_br_count\">39 Reviews<\/span>\r\n\t\t\t\t\t<\/p><div class=\"\"><div class=\"brtpmj_all_reviews\"><div class=\"brtpmj_single_rvw\">\r\n\t\t\t\t\t\t\t\t\t\r\n\t\t\t\t\t\t<div class=\"brtpmj_sr_author_overview\">\r\n\t\t\t\t\t\t\t\r\n\t\t\t\t\t\t\t<div class=\"brtpmj_sr_ab_img\"><span>LvV<\/span><\/div>\r\n\t\t\t\t\t\t\t<div class=\"brtpmj_sr_ab_name_date\">\r\n\t\t\t\t\t\t\t\t<span class=\"brtpmj_sr_ab_name\">LB vd Vuurst<\/span>\r\n\t\t\t\t\t\t\t\t<span class=\"brtpmj_sr_ab_date\">2025-08-15<\/span>\r\n\t\t\t\t\t\t\t<\/div>\r\n\t\t\t\t\t\t\t\r\n\t\t\t\t\t\t<\/div>\r\n\t\t\t\t\t\t\r\n\t\t\t\t\t\t<div class=\"brtpmj_sr_rating\">\r\n\t\t\t\t\t\t\t<span class=\"brtpmj_br_score_img\"><img decoding=\"async\" src=\"https:\/\/bantoro.com\/wp-content\/plugins\/better-business-reviews\/assets\/stars-5.svg\" alt=\"5 stars\"><\/span>\r\n\t\t\t\t\t\t<\/div>\r\n\t\t\t\t\t\t\r\n\t\t\t\t\t\t<div class=\"brtpmj_sr_title\">\r\n\t\t\t\t\t\t\t<h4>Great communication fast shipping<\/h4>\r\n\t\t\t\t\t\t<\/div>\r\n\t\t\t\t\t\t\r\n\t\t\t\t\t\t<div class=\"brtpmj_sr_title\">\r\n\t\t\t\t\t\t\t<p>I placed an order of 2 items but one of the items what we asked for wasnt available. Within 12 hours i got an email with a other suggestions, and so we did a different order. It was shipped really, really fast. And the communication was great. Thank you Jane. Everything recieved and we are happy.<\/p>\r\n\t\t\t\t\t\t<\/div>\r\n\t\t\t\t\t\t\r\n\t\t\t\t\t<\/div><div class=\"brtpmj_single_rvw\">\r\n\t\t\t\t\t\t\t\t\t\r\n\t\t\t\t\t\t<div class=\"brtpmj_sr_author_overview\">\r\n\t\t\t\t\t\t\t\r\n\t\t\t\t\t\t\t<div class=\"brtpmj_sr_ab_img\"><img decoding=\"async\" src=\"https:\/\/user-images.trustpilot.com\/6896a2719600690944faa5c3\/73x73.png\"><\/div>\r\n\t\t\t\t\t\t\t<div class=\"brtpmj_sr_ab_name_date\">\r\n\t\t\t\t\t\t\t\t<span class=\"brtpmj_sr_ab_name\">Jang Yun Boo<\/span>\r\n\t\t\t\t\t\t\t\t<span class=\"brtpmj_sr_ab_date\">2025-08-09<\/span>\r\n\t\t\t\t\t\t\t<\/div>\r\n\t\t\t\t\t\t\t\r\n\t\t\t\t\t\t<\/div>\r\n\t\t\t\t\t\t\r\n\t\t\t\t\t\t<div class=\"brtpmj_sr_rating\">\r\n\t\t\t\t\t\t\t<span class=\"brtpmj_br_score_img\"><img decoding=\"async\" src=\"https:\/\/bantoro.com\/wp-content\/plugins\/better-business-reviews\/assets\/stars-5.svg\" alt=\"5 stars\"><\/span>\r\n\t\t\t\t\t\t<\/div>\r\n\t\t\t\t\t\t\r\n\t\t\t\t\t\t<div class=\"brtpmj_sr_title\">\r\n\t\t\t\t\t\t\t<h4>Lots of Thanks from south Korea Seoul<\/h4>\r\n\t\t\t\t\t\t<\/div>\r\n\t\t\t\t\t\t\r\n\t\t\t\t\t\t<div class=\"brtpmj_sr_title\">\r\n\t\t\t\t\t\t\t<p>Lots of Thanks from south Korea Seoul. well look after service. good tracking infomation. We received item perfectly good shape. very happy about it is all real leather and good quality.<\/p>\r\n\t\t\t\t\t\t<\/div>\r\n\t\t\t\t\t\t\r\n\t\t\t\t\t<\/div><div class=\"brtpmj_single_rvw\">\r\n\t\t\t\t\t\t\t\t\t\r\n\t\t\t\t\t\t<div class=\"brtpmj_sr_author_overview\">\r\n\t\t\t\t\t\t\t\r\n\t\t\t\t\t\t\t<div class=\"brtpmj_sr_ab_img\"><img decoding=\"async\" src=\"https:\/\/user-images.trustpilot.com\/60363e1eeea92f001b60a322\/73x73.png\"><\/div>\r\n\t\t\t\t\t\t\t<div class=\"brtpmj_sr_ab_name_date\">\r\n\t\t\t\t\t\t\t\t<span class=\"brtpmj_sr_ab_name\">~ E ~<\/span>\r\n\t\t\t\t\t\t\t\t<span class=\"brtpmj_sr_ab_date\">2025-08-06<\/span>\r\n\t\t\t\t\t\t\t<\/div>\r\n\t\t\t\t\t\t\t\r\n\t\t\t\t\t\t<\/div>\r\n\t\t\t\t\t\t\r\n\t\t\t\t\t\t<div class=\"brtpmj_sr_rating\">\r\n\t\t\t\t\t\t\t<span class=\"brtpmj_br_score_img\"><img decoding=\"async\" src=\"https:\/\/bantoro.com\/wp-content\/plugins\/better-business-reviews\/assets\/stars-5.svg\" alt=\"5 stars\"><\/span>\r\n\t\t\t\t\t\t<\/div>\r\n\t\t\t\t\t\t\r\n\t\t\t\t\t\t<div class=\"brtpmj_sr_title\">\r\n\t\t\t\t\t\t\t<h4>This is my second order<\/h4>\r\n\t\t\t\t\t\t<\/div>\r\n\t\t\t\t\t\t\r\n\t\t\t\t\t\t<div class=\"brtpmj_sr_title\">\r\n\t\t\t\t\t\t\t<p>This is my second order. Previously I was very happy and satisfied with everything. This time Bantoro even achieved a higher level of customer satisfaction. I needed a whip for the upcoming weekend. And when I contacted the customer service, they could not promise me a guaranteed delivery date other than an expected ETA of 3 - 5 days, also due to possible customs delays. Totally understandable. I had faith in Bantoro because last time, it took only four days from the UK to NL. I ordered the whip on monday and it was shipped the same day because they wanted to make sure I got it on time. It was delivered on wednesday early afternoon!!! Still love the quality of the whip for a great price, and your customer service is next level. Thanks Bantoro!<\/p>\r\n\t\t\t\t\t\t<\/div>\r\n\t\t\t\t\t\t\r\n\t\t\t\t\t<\/div><\/div><\/div><\/div>\n","protected":false},"excerpt":{"rendered":"<ul>\n<li><strong>Premium braune K\u00e4nguruleder-Bullwhip<\/strong> mit 16 Flechtungen. Inspiriert von <strong>Indiana-Jones\u2013Stil Abenteuer-Peitschen<\/strong>.<\/li>\n<li><strong>Lautes Knallverhalten<\/strong>, ideal f\u00fcr professionellen Einsatz, Training und Cosplay.<\/li>\n<li><strong>Langlebiges, flexibles, handgefertigtes<\/strong> Design mit einem <strong>Griffkern aus Edelstahl<\/strong>.<\/li>\n<li><strong>Erh\u00e4ltlich in verschiedenen Gr\u00f6\u00dfen<\/strong> von 4 Fu\u00df bis 24 Fu\u00df.<\/li>\n<li>Lieferumfang: <strong>Peitsche, Fall<\/strong>, <strong>Cracker<\/strong> und <strong>G\u00fcrtelhalter<\/strong>.<\/li>\n<\/ul>\n","protected":false},"featured_media":14131,"comment_status":"open","ping_status":"closed","template":"","meta":[],"product_brand":[],"product_cat":[1200,1203],"product_tag":[1567,1569,1579,989,1842,1652,1963,1973,1974,1907,1301,949,1675],"class_list":{"0":"post-14137","1":"product","2":"type-product","3":"status-publish","4":"has-post-thumbnail","6":"product_cat-indiana-jones-inspirierte-peitschen","7":"product_cat-kanguru-leder-bullwhips","8":"product_tag-braune-bullwhip","9":"product_tag-braune-lederpeitsche","10":"product_tag-braune-peitsche","11":"product_tag-bullwhip","12":"product_tag-handgemachte-peitsche","13":"product_tag-knallende-peitsche","14":"product_tag-lauter-peitsche","15":"product_tag-lautes-knallen-der-bullenpeitsche","16":"product_tag-lautes-knallen-der-peitsche","17":"product_tag-lederpeitsche","18":"product_tag-peitsche","19":"product_tag-peitsche-mit-16-zopfen","20":"product_tag-reitsport","22":"first","23":"instock","24":"sale","25":"featured","26":"taxable","27":"shipping-taxable","28":"purchasable","29":"product-type-variable","30":"has-default-attributes"},"_links":{"self":[{"href":"https:\/\/bantoro.com\/de\/wp-json\/wp\/v2\/product\/14137","targetHints":{"allow":["GET"]}}],"collection":[{"href":"https:\/\/bantoro.com\/de\/wp-json\/wp\/v2\/product"}],"about":[{"href":"https:\/\/bantoro.com\/de\/wp-json\/wp\/v2\/types\/product"}],"replies":[{"embeddable":true,"href":"https:\/\/bantoro.com\/de\/wp-json\/wp\/v2\/comments?post=14137"}],"wp:featuredmedia":[{"embeddable":true,"href":"https:\/\/bantoro.com\/de\/wp-json\/wp\/v2\/media\/14131"}],"wp:attachment":[{"href":"https:\/\/bantoro.com\/de\/wp-json\/wp\/v2\/media?parent=14137"}],"wp:term":[{"taxonomy":"product_brand","embeddable":true,"href":"https:\/\/bantoro.com\/de\/wp-json\/wp\/v2\/product_brand?post=14137"},{"taxonomy":"product_cat","embeddable":true,"href":"https:\/\/bantoro.com\/de\/wp-json\/wp\/v2\/product_cat?post=14137"},{"taxonomy":"product_tag","embeddable":true,"href":"https:\/\/bantoro.com\/de\/wp-json\/wp\/v2\/product_tag?post=14137"}],"curies":[{"name":"wp","href":"https:\/\/api.w.org\/{rel}","templated":true}]}}