{"id":13920,"date":"2023-10-15T14:37:25","date_gmt":"2023-10-15T13:37:25","guid":{"rendered":"https:\/\/bantoro.com\/shop\/unkategorisiert\/rot-schwarz-4-fuss-echte-leder-bullenpeitsche-12-fach-geflochten-lauter-knall\/"},"modified":"2026-04-13T12:59:04","modified_gmt":"2026-04-13T11:59:04","slug":"4-fuss-schwarz-und-rot","status":"publish","type":"product","link":"https:\/\/bantoro.com\/de\/shop\/leder-bullwhips\/4-fuss-schwarz-und-rot\/","title":{"rendered":"Rot &amp; Schwarz 4 Fu\u00df echte Leder-Bullenpeitsche \u2013 12-fach geflochten, lauter Knall"},"content":{"rendered":"<p>Erleben Sie Kraft und Pr\u00e4zision mit der <strong>rot-schwarzen Bullenpeitsche aus echtem Leder,<\/strong> die sowohl f\u00fcr Profis als auch f\u00fcr Anf\u00e4nger gefertigt wurde. <span style=\"box-sizing: border-box; margin: 0px; padding: 0px;\">Diese 4 Fu\u00df (1,2 Meter) lange Peitsche ist fachm\u00e4nnisch mit <strong>12 Str\u00e4ngen<\/strong> aus strapazierf\u00e4higem <strong>Premiumleder<\/strong> geflochten, was f\u00fcr einen lauteren Knall<\/span> und eine langlebige Leistung sorgt. Ob Sie Ihre Peitschentechnik \u00fcben oder Ihre Sammlung erweitern \u2013 diese Peitsche ist f\u00fcr geschmeidige, flexible Bewegungen und maximale Kontrolle konzipiert.<\/p>\n<p>Diese 4 Fu\u00df lange Bullenpeitsche aus echtem Leder ist ideal f\u00fcr alle, die eine langlebige und gut ausbalancierte Peitsche zum \u00dcben, f\u00fcr Vorf\u00fchrungen oder f\u00fcr die Sammlung suchen. Als laut knallende Bullenpeitsche konzipiert, bietet sie Pr\u00e4zision und Kontrolle sowohl f\u00fcr Anf\u00e4nger als auch f\u00fcr erfahrene Anwender.<\/p>\n<ul>\n<li><strong>L\u00e4nge<\/strong>: 4 Fu\u00df (1,2 Meter) \u2013 In mehreren Farben und Gr\u00f6\u00dfen erh\u00e4ltlich, bitte beachten Sie unsere <a href=\"https:\/\/bantoro.com\/de\/\" target=\"_new\" rel=\"noopener\">Website-Angebote.<\/a><\/li>\n<li><strong>Farbe<\/strong>: Rot und Schwarz (Bitte beachten Sie, dass die tats\u00e4chliche Produktfarbe leicht von den Abbildungen abweichen kann).<\/li>\n<li><strong>Material<\/strong>: 100 % echtes Leder, Top-Grain-Qualit\u00e4t, Premium-Qualit\u00e4t.<\/li>\n<li><strong>12 Str\u00e4nge<\/strong>: Aus 12 Lederstr\u00e4ngen geflochten f\u00fcr eine langlebige und strapazierf\u00e4hige Bullenpeitsche.<\/li>\n<li><strong>Gut ausbalanciert:<\/strong> 9-Zoll-Griff mit stabilem Kern f\u00fcr bessere Kontrolle und einfache Handhabung.<\/li>\n<li><strong>Flexibilit\u00e4t<\/strong>: Geschmeidig und flexibel, ideal sowohl f\u00fcr Anf\u00e4nger als auch f\u00fcr Profis.<\/li>\n<li><strong>Griffiger Peitschengriff:<\/strong> Ausgestattet mit einer Handschlaufe f\u00fcr sicheren Halt sowie einer Aufh\u00e4ngeschlaufe zur Aufbewahrung.<\/li>\n<li><strong>Professioneller Standard:<\/strong> Handgefertigte, robuste Bullenpeitsche mit lautem Knall f\u00fcr den Einsatz bei Vorf\u00fchrungen<\/li>\n<li><strong>Standort<\/strong>: Artikel befindet sich im Vereinigten K\u00f6nigreich. Bitte pr\u00fcfen Sie vor dem Kauf die \u00f6rtlichen Zoll- und Einfuhrbestimmungen.<\/li>\n<\/ul>\n<p>Wenn Sie nach Premium-Optionen suchen, entdecken Sie unsere Kollektion an <a href=\"https:\/\/bantoro.com\/Produktkategorie\/Leder-Bullenpeitschen\/\">Leder-Bullenpeitschen<\/a> f\u00fcr verbesserte Leistung und erstklassige Handwerkskunst.<\/p>\n<p>F\u00fcr die richtige Pflege sehen Sie sich unseren <a href=\"https:\/\/bantoro.com\/ultimativer-leder-bullenpeitschen-pflegeleitfaden\/\" target=\"_new\" rel=\"noopener\">ultimativen Pflegeleitfaden f\u00fcr Leder-Bullenpeitschen<\/a> an. Wenn Sie Ihre Peitschenfertigkeiten verbessern m\u00f6chten, helfen Ihnen unser<a href=\"https:\/\/bantoro.com\/einlernen-bullenpeitsche-und-meistern-ihrer-peitsche\/\" target=\"_new\" rel=\"noopener\"> Leitfaden zum Einlernen (Break-in) Ihrer Bullenpeitsche sowie unser Guide \u201ePeitsche<\/a> meistern\u201c beim Einstieg!<\/p>\n<p>Diese Bullenpeitsche aus echtem Leder ist f\u00fcr Langlebigkeit, Kontrolle und eine kraftvolle, laut knallende Leistung konzipiert.<\/p>\n<p>Bestellen Sie noch heute und erleben Sie die Handwerkskunst und Qualit\u00e4t dieser Peitsche aus echtem Leder.<\/p>\n<p><strong>FAQs<\/strong><\/p>\n<p><strong data-start=\"3654\" data-end=\"3701\">Ist diese Bullenpeitsche f\u00fcr Anf\u00e4nger geeignet?<\/strong><br data-start=\"3701\" data-end=\"3704\" \/>A: Ja, diese 4 Fu\u00df lange Bullenpeitsche aus echtem Leder ist gut ausbalanciert und flexibel, wodurch sie sich f\u00fcr Anf\u00e4nger eignet und gleichzeitig professionellen Standards entspricht.<\/p>\n<div class=\"brtpmj_reviews_container\"><div class=\"brtpmj_businessheader\">\r\n\t\t\t\t\t\t<img decoding=\"async\" src=\"\/\/s3-eu-west-1.amazonaws.com\/tpd\/logos\/6617aecf4e6fa9ea40f2b01a\/0x0.png\" alt=\"Bantoro\">\r\n\t\t\t\t\t\t<h2 class=\"brtpmj_business_name\">Bantoro<\/h2>\r\n\t\t\t\t\t<\/div><p class=\"brtpmj_business_ratings\">\r\n\t\t\t\t\t\t<span class=\"brtpmj_br_score\">4.8<\/span>\r\n\t\t\t\t\t\t<span class=\"brtpmj_br_score_img\"><img decoding=\"async\" src=\"https:\/\/bantoro.com\/wp-content\/plugins\/better-business-reviews\/assets\/stars-5.svg\" alt=\"5 stars\"><\/span>\r\n\t\t\t\t\t\t<span class=\"brtpmj_br_count\">39 Reviews<\/span>\r\n\t\t\t\t\t<\/p><div class=\"\"><div class=\"brtpmj_all_reviews brtpmj_grid_container\"><div class=\"brtpmj_single_rvw\">\r\n\t\t\t\t\t\t\t\t\t\r\n\t\t\t\t\t\t<div class=\"brtpmj_sr_author_overview\">\r\n\t\t\t\t\t\t\t\r\n\t\t\t\t\t\t\t<div class=\"brtpmj_sr_ab_img\"><span>LvV<\/span><\/div>\r\n\t\t\t\t\t\t\t<div class=\"brtpmj_sr_ab_name_date\">\r\n\t\t\t\t\t\t\t\t<span class=\"brtpmj_sr_ab_name\">LB vd Vuurst<\/span>\r\n\t\t\t\t\t\t\t\t<span class=\"brtpmj_sr_ab_date\">2025-08-15<\/span>\r\n\t\t\t\t\t\t\t<\/div>\r\n\t\t\t\t\t\t\t\r\n\t\t\t\t\t\t<\/div>\r\n\t\t\t\t\t\t\r\n\t\t\t\t\t\t<div class=\"brtpmj_sr_rating\">\r\n\t\t\t\t\t\t\t<span class=\"brtpmj_br_score_img\"><img decoding=\"async\" src=\"https:\/\/bantoro.com\/wp-content\/plugins\/better-business-reviews\/assets\/stars-5.svg\" alt=\"5 stars\"><\/span>\r\n\t\t\t\t\t\t<\/div>\r\n\t\t\t\t\t\t\r\n\t\t\t\t\t\t<div class=\"brtpmj_sr_title\">\r\n\t\t\t\t\t\t\t<h4>Great communication fast shipping<\/h4>\r\n\t\t\t\t\t\t<\/div>\r\n\t\t\t\t\t\t\r\n\t\t\t\t\t\t<div class=\"brtpmj_sr_title\">\r\n\t\t\t\t\t\t\t<p>I placed an order of 2 items but one of the items what we asked for wasnt available. Within 12 hours i got an email with a other suggestions, and so we did a different order. It was shipped really, really fast. And the communication was great. Thank you Jane. Everything recieved and we are happy.<\/p>\r\n\t\t\t\t\t\t<\/div>\r\n\t\t\t\t\t\t\r\n\t\t\t\t\t<\/div><div class=\"brtpmj_single_rvw\">\r\n\t\t\t\t\t\t\t\t\t\r\n\t\t\t\t\t\t<div class=\"brtpmj_sr_author_overview\">\r\n\t\t\t\t\t\t\t\r\n\t\t\t\t\t\t\t<div class=\"brtpmj_sr_ab_img\"><img decoding=\"async\" src=\"https:\/\/user-images.trustpilot.com\/6896a2719600690944faa5c3\/73x73.png\"><\/div>\r\n\t\t\t\t\t\t\t<div class=\"brtpmj_sr_ab_name_date\">\r\n\t\t\t\t\t\t\t\t<span class=\"brtpmj_sr_ab_name\">Jang Yun Boo<\/span>\r\n\t\t\t\t\t\t\t\t<span class=\"brtpmj_sr_ab_date\">2025-08-09<\/span>\r\n\t\t\t\t\t\t\t<\/div>\r\n\t\t\t\t\t\t\t\r\n\t\t\t\t\t\t<\/div>\r\n\t\t\t\t\t\t\r\n\t\t\t\t\t\t<div class=\"brtpmj_sr_rating\">\r\n\t\t\t\t\t\t\t<span class=\"brtpmj_br_score_img\"><img decoding=\"async\" src=\"https:\/\/bantoro.com\/wp-content\/plugins\/better-business-reviews\/assets\/stars-5.svg\" alt=\"5 stars\"><\/span>\r\n\t\t\t\t\t\t<\/div>\r\n\t\t\t\t\t\t\r\n\t\t\t\t\t\t<div class=\"brtpmj_sr_title\">\r\n\t\t\t\t\t\t\t<h4>Lots of Thanks from south Korea Seoul<\/h4>\r\n\t\t\t\t\t\t<\/div>\r\n\t\t\t\t\t\t\r\n\t\t\t\t\t\t<div class=\"brtpmj_sr_title\">\r\n\t\t\t\t\t\t\t<p>Lots of Thanks from south Korea Seoul. well look after service. good tracking infomation. We received item perfectly good shape. very happy about it is all real leather and good quality.<\/p>\r\n\t\t\t\t\t\t<\/div>\r\n\t\t\t\t\t\t\r\n\t\t\t\t\t<\/div><div class=\"brtpmj_single_rvw\">\r\n\t\t\t\t\t\t\t\t\t\r\n\t\t\t\t\t\t<div class=\"brtpmj_sr_author_overview\">\r\n\t\t\t\t\t\t\t\r\n\t\t\t\t\t\t\t<div class=\"brtpmj_sr_ab_img\"><img decoding=\"async\" src=\"https:\/\/user-images.trustpilot.com\/60363e1eeea92f001b60a322\/73x73.png\"><\/div>\r\n\t\t\t\t\t\t\t<div class=\"brtpmj_sr_ab_name_date\">\r\n\t\t\t\t\t\t\t\t<span class=\"brtpmj_sr_ab_name\">~ E ~<\/span>\r\n\t\t\t\t\t\t\t\t<span class=\"brtpmj_sr_ab_date\">2025-08-06<\/span>\r\n\t\t\t\t\t\t\t<\/div>\r\n\t\t\t\t\t\t\t\r\n\t\t\t\t\t\t<\/div>\r\n\t\t\t\t\t\t\r\n\t\t\t\t\t\t<div class=\"brtpmj_sr_rating\">\r\n\t\t\t\t\t\t\t<span class=\"brtpmj_br_score_img\"><img decoding=\"async\" src=\"https:\/\/bantoro.com\/wp-content\/plugins\/better-business-reviews\/assets\/stars-5.svg\" alt=\"5 stars\"><\/span>\r\n\t\t\t\t\t\t<\/div>\r\n\t\t\t\t\t\t\r\n\t\t\t\t\t\t<div class=\"brtpmj_sr_title\">\r\n\t\t\t\t\t\t\t<h4>This is my second order<\/h4>\r\n\t\t\t\t\t\t<\/div>\r\n\t\t\t\t\t\t\r\n\t\t\t\t\t\t<div class=\"brtpmj_sr_title\">\r\n\t\t\t\t\t\t\t<p>This is my second order. Previously I was very happy and satisfied with everything. This time Bantoro even achieved a higher level of customer satisfaction. I needed a whip for the upcoming weekend. And when I contacted the customer service, they could not promise me a guaranteed delivery date other than an expected ETA of 3 - 5 days, also due to possible customs delays. Totally understandable. I had faith in Bantoro because last time, it took only four days from the UK to NL. I ordered the whip on monday and it was shipped the same day because they wanted to make sure I got it on time. It was delivered on wednesday early afternoon!!! Still love the quality of the whip for a great price, and your customer service is next level. Thanks Bantoro!<\/p>\r\n\t\t\t\t\t\t<\/div>\r\n\t\t\t\t\t\t\r\n\t\t\t\t\t<\/div><\/div><\/div><\/div>\n","protected":false},"excerpt":{"rendered":"<ul>\n<li>4 Fu\u00df (1,2 m) <strong>Bullenpeitsche aus echtem Leder<\/strong> mit 12 Str\u00e4ngen.<\/li>\n<li>Handgefertigtes <strong>Premiumleder <\/strong>f\u00fcr Langlebigkeit und Flexibilit\u00e4t.<\/li>\n<li>Laut knallende Bullenpeitsche f\u00fcr <strong>Anf\u00e4nger <\/strong>und <strong>Profis<\/strong><\/li>\n<li>Inklusive<strong> 9-Zoll-Griff<\/strong> mit <strong>Handschlaufe <\/strong>f\u00fcr bessere Kontrolle.<\/li>\n<li><strong>Robuste Peitsche<\/strong>, ideal f\u00fcr Training, Vorf\u00fchrungen und Sammlung.<\/li>\n<\/ul>\n","protected":false},"featured_media":13910,"comment_status":"open","ping_status":"closed","template":"","meta":[],"product_brand":[],"product_cat":[1230],"product_tag":[925,989,942,1605,1593,1907,1155,2033],"class_list":{"0":"post-13920","1":"product","2":"type-product","3":"status-publish","4":"has-post-thumbnail","6":"product_cat-leder-bullwhips","7":"product_tag-4-fus-bullwhip","8":"product_tag-bullwhip","9":"product_tag-bullwhip-mit-12-zopfen","10":"product_tag-bullwhip-mit-holster","11":"product_tag-bullwhip-zu-verkaufen","12":"product_tag-lederpeitsche","13":"product_tag-professioneller-bullwhip","14":"product_tag-rote-bullenpeitsche","16":"first","17":"instock","18":"sale","19":"taxable","20":"shipping-taxable","21":"purchasable","22":"product-type-simple"},"_links":{"self":[{"href":"https:\/\/bantoro.com\/de\/wp-json\/wp\/v2\/product\/13920","targetHints":{"allow":["GET"]}}],"collection":[{"href":"https:\/\/bantoro.com\/de\/wp-json\/wp\/v2\/product"}],"about":[{"href":"https:\/\/bantoro.com\/de\/wp-json\/wp\/v2\/types\/product"}],"replies":[{"embeddable":true,"href":"https:\/\/bantoro.com\/de\/wp-json\/wp\/v2\/comments?post=13920"}],"wp:featuredmedia":[{"embeddable":true,"href":"https:\/\/bantoro.com\/de\/wp-json\/wp\/v2\/media\/13910"}],"wp:attachment":[{"href":"https:\/\/bantoro.com\/de\/wp-json\/wp\/v2\/media?parent=13920"}],"wp:term":[{"taxonomy":"product_brand","embeddable":true,"href":"https:\/\/bantoro.com\/de\/wp-json\/wp\/v2\/product_brand?post=13920"},{"taxonomy":"product_cat","embeddable":true,"href":"https:\/\/bantoro.com\/de\/wp-json\/wp\/v2\/product_cat?post=13920"},{"taxonomy":"product_tag","embeddable":true,"href":"https:\/\/bantoro.com\/de\/wp-json\/wp\/v2\/product_tag?post=13920"}],"curies":[{"name":"wp","href":"https:\/\/api.w.org\/{rel}","templated":true}]}}