{"id":13780,"date":"2025-05-20T12:09:02","date_gmt":"2025-05-20T11:09:02","guid":{"rendered":"https:\/\/bantoro.com\/shop\/unkategorisiert\/braune-und-schwarze-biker-peitsche-42-motorrad-get-back-peitsche-echtes-leder\/"},"modified":"2026-04-08T11:07:37","modified_gmt":"2026-04-08T10:07:37","slug":"braun-schwarze-biker","status":"publish","type":"product","link":"https:\/\/bantoro.com\/de\/shop\/motorradpeitsche\/braun-schwarze-biker\/","title":{"rendered":"Braun-schwarze Biker-Peitsche 42&#8243; Motorrad-Get-Back-Peitsche \u2013 echtes Leder"},"content":{"rendered":"<p>Verbessern Sie das Aussehen und die Sicherheit Ihres Motorrads mit dem <strong>Braun Schwarze Biker\u00a0Whip<\/strong>. Gefertigt aus <strong>echtem Leder<\/strong> und mit einem <strong>hoch sichtbaren Design<\/strong> ausgestattet, ist diese 42&#8243; lange Peitsche ein unverzichtbares Accessoire f\u00fcr jeden ernsthaften Biker. Mit einer <strong>Schnellverschluss-Schnalle<\/strong> l\u00e4sst sie sich leicht an den Lenker Ihres Motorrads anbringen und wieder abnehmen, sodass Sie Ihr Bike mit einem traditionellen, robusten Akzent individualisieren k\u00f6nnen. Sorgf\u00e4ltig handgefertigt, bietet diese Peitsche <strong>Langlebigkeit<\/strong> und <strong>\u00fcberlegene Leistung<\/strong>, egal ob Sie auf der Autobahn cruisen oder bei einem Biker-Treffen Eindruck machen.<\/p>\n<figure id=\"attachment_11734\" aria-describedby=\"caption-attachment-11734\" style=\"width: 539px\" class=\"wp-caption alignnone\"><img fetchpriority=\"high\" decoding=\"async\" class=\" wp-image-11734\" src=\"https:\/\/bantoro.com\/wp-content\/uploads\/2025\/05\/Brown-and-black-leather-motorcycle-get-back-whip-on-Harley-Davidson-300x300.webp\" alt=\"Braun-schwarze Leder-Motorrad-Peitsche auf einer schwarzen Harley Davidson\" width=\"539\" height=\"539\" srcset=\"https:\/\/bantoro.com\/wp-content\/uploads\/2025\/05\/Brown-and-black-leather-motorcycle-get-back-whip-on-Harley-Davidson-300x300.webp 300w, https:\/\/bantoro.com\/wp-content\/uploads\/2025\/05\/Brown-and-black-leather-motorcycle-get-back-whip-on-Harley-Davidson-1024x1024.webp 1024w, https:\/\/bantoro.com\/wp-content\/uploads\/2025\/05\/Brown-and-black-leather-motorcycle-get-back-whip-on-Harley-Davidson-150x150.webp 150w, https:\/\/bantoro.com\/wp-content\/uploads\/2025\/05\/Brown-and-black-leather-motorcycle-get-back-whip-on-Harley-Davidson-768x768.webp 768w, https:\/\/bantoro.com\/wp-content\/uploads\/2025\/05\/Brown-and-black-leather-motorcycle-get-back-whip-on-Harley-Davidson-1536x1536.webp 1536w, https:\/\/bantoro.com\/wp-content\/uploads\/2025\/05\/Brown-and-black-leather-motorcycle-get-back-whip-on-Harley-Davidson-600x600.webp 600w, https:\/\/bantoro.com\/wp-content\/uploads\/2025\/05\/Brown-and-black-leather-motorcycle-get-back-whip-on-Harley-Davidson-100x100.webp 100w, https:\/\/bantoro.com\/wp-content\/uploads\/2025\/05\/Brown-and-black-leather-motorcycle-get-back-whip-on-Harley-Davidson-50x50.webp 50w, https:\/\/bantoro.com\/wp-content\/uploads\/2025\/05\/Brown-and-black-leather-motorcycle-get-back-whip-on-Harley-Davidson.webp 1920w\" sizes=\"(max-width: 539px) 100vw, 539px\" \/><figcaption id=\"caption-attachment-11734\" class=\"wp-caption-text\">42\u2033 braun-schwarze Leder-Biker-Peitsche auf einer schwarzen Harley Davidson montiert f\u00fcr bessere Sichtbarkeit und klassischen Stil<\/figcaption><\/figure>\n<p>Das <strong>12-Zoll-Lederfall<\/strong> der Peitsche bietet zus\u00e4tzliche Strapazierf\u00e4higkeit, und ihr klassisches <strong>geflochtenes Lederdesign<\/strong> unterstreicht das markante Erscheinungsbild Ihres Motorrads. Die Peitsche macht Ihre Fahrt nicht nur f\u00fcr andere Verkehrsteilnehmer sichtbarer, sondern dient auch als einzigartiges <b>Bekenntnis zur Biker-Identit\u00e4t<\/b>. Ob Sie ein stylisches Accessoire f\u00fcr Ihr Bike suchen oder ein gro\u00dfartiges Geschenk f\u00fcr einen Motorradliebhaber \u2013 diese <strong>Leder-Get-Back-Peitsche<\/strong> vereint Form und Funktion.<\/p>\n<p><strong>M\u00f6chten Sie mehr \u00fcber Motorcycle Get Back Whips erfahren?<\/strong> Lesen Sie unseren ausf\u00fchrlichen Leitfaden zu <strong><a class=\"decorated-link cursor-pointer\" href=\"https:\/\/bantoro.com\/motorcycle-get-back-whips-guide\/\" rel=\"noopener\">Motorcycle Get Back Whips: Geschichte, Verwendung, Legalit\u00e4t &amp; Typen<\/a><\/strong>, um Zweck, Hintergrund und Varianten zu verstehen. Entdecken Sie au\u00dferdem unser umfassendes Sortiment an <a href=\"https:\/\/bantoro.com\/de\/?attachment_id=4465\" target=\"_blank\" rel=\"noopener\"><strong>Motorrad-Peitschen<\/strong><\/a> f\u00fcr Biker, die Wert auf Langlebigkeit, Sicherheit und authentischen Biker-Stil legen.<\/p>\n<p><strong>Kaufen Sie die Braun Schwarze Biker\u00a0Whip<\/strong>\u00a0und <strong>fahren Sie stilvoll<\/strong> bei <strong>Bantoro.com.<\/strong><\/p>\n","protected":false},"excerpt":{"rendered":"<p><strong>Braun Schwarze Biker Whip<\/strong><\/p>\n<ul>\n<li><strong>Echte Leder-Biker-Peitsche<\/strong> f\u00fcr zus\u00e4tzlichen Stil und Sicherheit<\/li>\n<li><strong>42 Zoll lang<\/strong> mit <strong>12-Zoll-Lederfall<\/strong> f\u00fcr optimale Leistung<\/li>\n<li><strong>Schnellverschluss-Schnalle<\/strong> f\u00fcr einfache Befestigung und Abnahme<\/li>\n<li><strong>Hoch sichtbares Design<\/strong> f\u00fcr mehr Sicherheit im Stra\u00dfenverkehr<\/li>\n<li>Handgefertigtes <strong>geflochtenes Leder<\/strong> f\u00fcr maximale Haltbarkeit<\/li>\n<li>Ein perfektes <strong>Motorrad-Accessoire<\/strong> f\u00fcr jeden ernsthaften Fahrer<\/li>\n<li>Ein <strong>einzigartiges Geschenk<\/strong> f\u00fcr Biker und Motorradliebhaber<\/li>\n<\/ul>\n","protected":false},"featured_media":13774,"comment_status":"open","ping_status":"closed","template":"","meta":[],"product_brand":[],"product_cat":[1273],"product_tag":[1503,1505,1501,1507,1711,1724,1846,1917,1730,1946,1944,1948,1981,1942,1950,1952,2022],"class_list":{"0":"post-13780","1":"product","2":"type-product","3":"status-publish","4":"has-post-thumbnail","6":"product_cat-motorradpeitsche","7":"product_tag-biker-geschenk","8":"product_tag-biker-stil","9":"product_tag-biker-ausruestung","10":"product_tag-bikerpeitsche","11":"product_tag-echtes-leder","12":"product_tag-handgefertigt","13":"product_tag-hohe-sichtbarkeit","14":"product_tag-lederpeitsche-4","15":"product_tag-lenkerzubehor","16":"product_tag-motorradanpassung","17":"product_tag-motorradgeschenk","18":"product_tag-motorradkultur","19":"product_tag-motorradsicherheit","20":"product_tag-motorradteile","21":"product_tag-motorradzubehor","22":"product_tag-motorradzubehor-2","23":"product_tag-schnellspanner","25":"first","26":"instock","27":"sale","28":"taxable","29":"shipping-taxable","30":"purchasable","31":"product-type-simple"},"_links":{"self":[{"href":"https:\/\/bantoro.com\/de\/wp-json\/wp\/v2\/product\/13780","targetHints":{"allow":["GET"]}}],"collection":[{"href":"https:\/\/bantoro.com\/de\/wp-json\/wp\/v2\/product"}],"about":[{"href":"https:\/\/bantoro.com\/de\/wp-json\/wp\/v2\/types\/product"}],"replies":[{"embeddable":true,"href":"https:\/\/bantoro.com\/de\/wp-json\/wp\/v2\/comments?post=13780"}],"wp:featuredmedia":[{"embeddable":true,"href":"https:\/\/bantoro.com\/de\/wp-json\/wp\/v2\/media\/13774"}],"wp:attachment":[{"href":"https:\/\/bantoro.com\/de\/wp-json\/wp\/v2\/media?parent=13780"}],"wp:term":[{"taxonomy":"product_brand","embeddable":true,"href":"https:\/\/bantoro.com\/de\/wp-json\/wp\/v2\/product_brand?post=13780"},{"taxonomy":"product_cat","embeddable":true,"href":"https:\/\/bantoro.com\/de\/wp-json\/wp\/v2\/product_cat?post=13780"},{"taxonomy":"product_tag","embeddable":true,"href":"https:\/\/bantoro.com\/de\/wp-json\/wp\/v2\/product_tag?post=13780"}],"curies":[{"name":"wp","href":"https:\/\/api.w.org\/{rel}","templated":true}]}}