{"id":11960,"date":"2025-05-20T12:27:49","date_gmt":"2025-05-20T11:27:49","guid":{"rendered":"https:\/\/bantoro.com\/shop\/unkategorisiert\/schwarz-weisse-biker-peitsche-42-motorrad-get-back-peitsche-echtes-leder\/"},"modified":"2026-02-17T11:01:57","modified_gmt":"2026-02-17T11:01:57","slug":"schwarz-weisser-biker","status":"publish","type":"product","link":"https:\/\/bantoro.com\/de\/shop\/motorradpeitsche\/schwarz-weisser-biker\/","title":{"rendered":"Schwarz weisser Bikerpeitsche 42\u2033 Motorrad-Get-Back-Peitsche \u2013 echtes Leder"},"content":{"rendered":"<h2>Handgefertigte Motorrad-Get-Back-Peitsche aus echtem Leder f\u00fcr Lenker<\/h2>\n<p>Die <strong>Schwarz-wei\u00dfe Biker-Peitsche<\/strong> verbessert das Aussehen und die Sicherheit Ihres Motorrads. Gefertigt aus <strong>echtem Leder<\/strong> und mit einem <strong>gut sichtbaren Design<\/strong> ist diese 42&#8243;-Peitsche ein Muss f\u00fcr jeden ernsthaften Fahrer. Mit einem <strong>Schnellverschluss<\/strong> l\u00e4sst sie sich einfach an Ihrem Motorradlenker befestigen und wieder abnehmen. Diese schwarz-wei\u00dfe Motorrad-Get-Back-Peitsche wird h\u00e4ufig von Fahrern verwendet, um die Sichtbarkeit, Tradition und pers\u00f6nliche Biker-Identit\u00e4t zu erh\u00f6hen.<br \/>\nSo k\u00f6nnen Sie Ihr Motorrad mit einem traditionellen, robusten Touch individuell gestalten. Diese mit Sorgfalt handgefertigte Peitsche bietet <strong>Haltbarkeit<\/strong> und <strong>\u00fcberlegene Leistung<\/strong>, egal ob Sie auf der Autobahn unterwegs sind oder auf einem Bikertreffen Ihr K\u00f6nnen zeigen.<\/p>\n<p>Der <strong>1<\/strong><strong>2-Zoll-Lederfall<\/strong> der Peitsche bietet zus\u00e4tzliche Haltbarkeit, und das klassische <strong>geflochtene Lederdesign<\/strong> tr\u00e4gt zum k\u00fchnen Aussehen Ihres Motorrads bei. Die Peitsche tr\u00e4gt nicht nur dazu bei, dass Ihr Motorrad f\u00fcr andere Fahrer besser sichtbar ist, sondern dient auch als einzigartiges <strong>Biker-Identit\u00e4tsstatement<\/strong>. Egal, ob Sie ein stilvolles Accessoire f\u00fcr Ihr Motorrad oder ein tolles Geschenk f\u00fcr den Motorrad-Enthusiasten in Ihrem Leben suchen, st\u00f6bern Sie in unserem kompletten Sortiment an Lederpeitschen in der Kollektion <a title=\"Motorrad Get Back Peitschen\" href=\"https:\/\/bantoro.com\/de\/?attachment_id=4465\">Motorrad Get Back Peitschen<\/a>. Diese <strong>Leder-Get-Back-Peitsche<\/strong> bietet sowohl Form als auch Funktion.<\/p>\n<p>Um mehr \u00fcber <strong>Peitschenpflege<\/strong> und <strong>-wartung<\/strong> zu erfahren und einen tieferen Einblick in die Urspr\u00fcnge, den Zweck und die Rechtm\u00e4\u00dfigkeit von Get-Back-Peitschen zu erhalten, lesen Sie unseren <a title=\"Leitfaden f\u00fcr Motorrad-Get-Back-Peitschen\" href=\"https:\/\/bantoro.com\/motorcycle-get-back-whips-guide\/\">vollst\u00e4ndigen Leitfaden zu Motorrad-Get-Back-Peitschen<\/a>.<\/p>\n<p><strong>Kaufen Sie eine schwarz-wei\u00dfe Biker-Peitsche<\/strong> und <strong>fahren Sie mit Stil<\/strong> bei <strong><a href=\"https:\/\/bantoro.com\/de\/\" target=\"_new\" rel=\"noopener\">Bantoro.com<\/a>.<\/strong><\/p>\n","protected":false},"excerpt":{"rendered":"<p><strong>Schwarz-wei\u00dfe Biker-Peitsche<\/strong><\/p>\n<ul>\n<li><strong>Echtleder-Biker-Peitsche<\/strong> f\u00fcr zus\u00e4tzlichen Stil und Sicherheit<\/li>\n<li><strong>42 Zoll lang<\/strong> mit <strong>12<\/strong><strong>-Zoll-Lederfall<\/strong> f\u00fcr optimale Leistung<\/li>\n<li><strong>Schnellverschluss<\/strong> f\u00fcr einfaches Anbringen und Entfernen<\/li>\n<li><strong>Gut sichtbares Design<\/strong> f\u00fcr mehr Sicherheit auf der Stra\u00dfe<\/li>\n<li>Handgefertigtes <strong>geflochtenes Leder<\/strong> f\u00fcr Haltbarkeit<\/li>\n<li>Ein perfektes <strong>Motorradzubeh\u00f6r<\/strong> f\u00fcr jeden ernsthaften Fahrer<\/li>\n<li>Ein <strong>einzigartiges Geschenk<\/strong> f\u00fcr Biker und Motorrad-Enthusiasten<\/li>\n<\/ul>\n<p>Erfahren Sie mehr \u00fcber die Pflege Ihrer neuen <strong>Leder-Bullwhip<\/strong> in unserem <strong><a href=\"https:\/\/bantoro.com\/ultimate-leather-bullwhip-care-guide\/\" target=\"_new\" rel=\"noopener\">Ultimativen Pflegeanleitung f\u00fcr Leder-Bullwhips<\/a><\/strong>.<\/p>\n","protected":false},"featured_media":11955,"comment_status":"open","ping_status":"closed","template":"","meta":[],"product_brand":[],"product_cat":[1273],"product_tag":[1503,1505,1501,1507,1711,1724,1846,1917,1730,1946,1944,1948,1981,1942,1950,1952,2022],"class_list":{"0":"post-11960","1":"product","2":"type-product","3":"status-publish","4":"has-post-thumbnail","6":"product_cat-motorradpeitsche","7":"product_tag-biker-geschenk","8":"product_tag-biker-stil","9":"product_tag-biker-ausruestung","10":"product_tag-bikerpeitsche","11":"product_tag-echtes-leder","12":"product_tag-handgefertigt","13":"product_tag-hohe-sichtbarkeit","14":"product_tag-lederpeitsche-4","15":"product_tag-lenkerzubehor","16":"product_tag-motorradanpassung","17":"product_tag-motorradgeschenk","18":"product_tag-motorradkultur","19":"product_tag-motorradsicherheit","20":"product_tag-motorradteile","21":"product_tag-motorradzubehor","22":"product_tag-motorradzubehor-2","23":"product_tag-schnellspanner","25":"first","26":"instock","27":"sale","28":"taxable","29":"shipping-taxable","30":"purchasable","31":"product-type-simple"},"_links":{"self":[{"href":"https:\/\/bantoro.com\/de\/wp-json\/wp\/v2\/product\/11960","targetHints":{"allow":["GET"]}}],"collection":[{"href":"https:\/\/bantoro.com\/de\/wp-json\/wp\/v2\/product"}],"about":[{"href":"https:\/\/bantoro.com\/de\/wp-json\/wp\/v2\/types\/product"}],"replies":[{"embeddable":true,"href":"https:\/\/bantoro.com\/de\/wp-json\/wp\/v2\/comments?post=11960"}],"wp:featuredmedia":[{"embeddable":true,"href":"https:\/\/bantoro.com\/de\/wp-json\/wp\/v2\/media\/11955"}],"wp:attachment":[{"href":"https:\/\/bantoro.com\/de\/wp-json\/wp\/v2\/media?parent=11960"}],"wp:term":[{"taxonomy":"product_brand","embeddable":true,"href":"https:\/\/bantoro.com\/de\/wp-json\/wp\/v2\/product_brand?post=11960"},{"taxonomy":"product_cat","embeddable":true,"href":"https:\/\/bantoro.com\/de\/wp-json\/wp\/v2\/product_cat?post=11960"},{"taxonomy":"product_tag","embeddable":true,"href":"https:\/\/bantoro.com\/de\/wp-json\/wp\/v2\/product_tag?post=11960"}],"curies":[{"name":"wp","href":"https:\/\/api.w.org\/{rel}","templated":true}]}}