{"id":11920,"date":"2025-09-12T11:29:52","date_gmt":"2025-09-12T10:29:52","guid":{"rendered":"https:\/\/bantoro.com\/shop\/unkategorisiert\/motorrad-peitsche-mit-pool-kugel-schnellverschluss-rot-schwarz-1067-cm\/"},"modified":"2026-01-17T11:26:57","modified_gmt":"2026-01-17T11:26:57","slug":"rote-bikerpeitsche-mit-billardkugel","status":"publish","type":"product","link":"https:\/\/bantoro.com\/de\/shop\/motorradpeitsche\/rote-bikerpeitsche-mit-billardkugel\/","title":{"rendered":"Motorrad-Bikerpeitsche mit Billardkugel &#038; Schnellverschluss, Rot &#038; Schwarz, 42\u2033"},"content":{"rendered":"<p data-start=\"309\" data-end=\"706\">Entfesseln Sie Ihren inneren Outlaw mit dieser <strong data-start=\"345\" data-end=\"387\">106,7 cm Echtleder-Peitsche f\u00fcr Motorradfahrer mit Pool-Kugel<\/strong>, auch bekannt als <strong data-start=\"405\" data-end=\"430\">Leder-Get-Back-Peitsche<\/strong> \u2013 das ultimative Accessoire f\u00fcr Fahrer, die f\u00fcr die offene Stra\u00dfe und die Freiheit der Biker-Kultur leben. Handgeflochten aus <strong data-start=\"546\" data-end=\"570\">100 % echtem Leder f\u00fcr Motorr\u00e4der<\/strong>, diese <strong data-start=\"577\" data-end=\"596\">Motorradpeitsche<\/strong> verf\u00fcgt \u00fcber einen robusten Nylonkern, der sowohl Flexibilit\u00e4t als auch St\u00e4rke bietet, um der Abnutzung langer Fahrten standzuhalten.<\/p>\n<p data-start=\"708\" data-end=\"988\">Am Ende dieser <strong data-start=\"727\" data-end=\"741\">Peitsche<\/strong> befindet sich eine <strong data-start=\"747\" data-end=\"786\">gebohrte und mit Gewinde versehene echte Pool-Kugel<\/strong>, die den ikonischen, gewichtigen Look bietet, den sich Fahrer w\u00fcnschen. Egal, ob Sie Teil eines Motorradclubs oder ein Solo-Cruiser sind, die <strong data-start=\"903\" data-end=\"932\">Pool-Kugel-Motorradpeitsche<\/strong> verleiht Ihrer Fahrt sofort Pers\u00f6nlichkeit und robusten Stil. <em data-start=\"955\" data-end=\"1092\">\u201eM\u00f6chten Sie mehr \u00fcber die Tradition hinter Biker-Peitschen, ihre Verwendung und was in Ihrer Gegend legal ist, erfahren? Lesen Sie unseren ausf\u00fchrlichen Leitfaden zu<\/em> <strong data-start=\"1093\" data-end=\"1162\"><a href=\"https:\/\/bantoro.com\/motorcycle-get-back-whips-guide\/\">Motorrad-Get-Back-Peitschen: Geschichte<\/a>, Verwendung, Legalit\u00e4t &amp; Typen<\/strong> <em data-start=\"1163\" data-end=\"1207\">, um alles zu erfahren, was Fahrer wissen sollten.\u201c<\/em><\/p>\n<p data-start=\"990\" data-end=\"1249\">Ausgestattet mit einer <strong data-start=\"1006\" data-end=\"1046\">Schnellverschluss-Schnalle aus Edelstahl<\/strong>, auch bekannt als Panikverschluss, l\u00e4sst sich diese <strong data-start=\"1081\" data-end=\"1119\">Motorradpeitsche mit Schnellverschluss<\/strong> einfach an Ihrem Brems- oder Kupplungshebel befestigen. Sie erm\u00f6glicht eine einh\u00e4ndige Abnahme in Sekundenschnelle \u2013 ideal f\u00fcr Stil und Notf\u00e4lle.<\/p>\n<p data-start=\"1251\" data-end=\"1703\">Die <strong data-start=\"1255\" data-end=\"1279\">106,7 cm Lederpeitsche<\/strong> verf\u00fcgt \u00fcber einen langen, flie\u00dfenden Fransen-Schweif, der Ihre Sichtbarkeit f\u00fcr andere Verkehrsteilnehmer im Wind erh\u00f6ht. Dies macht sie zu mehr als nur einem <strong data-start=\"1416\" data-end=\"1447\">individuellen Motorradzubeh\u00f6r<\/strong> \u2013 sie ist auch eine praktische <strong data-start=\"1472\" data-end=\"1498\">Motorrad-Sicherheitspeitsche<\/strong>, die Funktion mit Mode verbindet. Das rot-schwarz geflochtene Leder und die Fransenquasten schaffen eine k\u00fchne Vintage-\u00c4sthetik, die perfekt zu <strong data-start=\"1640\" data-end=\"1680\">Choppern, Cruisern, Bobbern, Harleys<\/strong> und allen Custom-Bikes passt.<\/p>\n<p data-start=\"1705\" data-end=\"1913\">Egal, ob Sie zu einem Treffen, einem Clubtreffen oder einfach nur die Autobahn entlangfahren, diese <strong data-start=\"1796\" data-end=\"1822\">Motorradpeitsche mit Fransen<\/strong> setzt ein starkes Zeichen. Sie repr\u00e4sentiert Tradition, Identit\u00e4t und den Geist der Stra\u00dfe.<\/p>\n<p data-start=\"1915\" data-end=\"2071\">Kaufen Sie diese und weitere Custom-Biker-Ausr\u00fcstung bei <a href=\"https:\/\/bantoro.com\/de\/\"><strong data-start=\"1958\" data-end=\"1973\">Bantoro<\/strong> <\/a>\u2013 Ihrem Ziel f\u00fcr authentisches, handgefertigtes <a href=\"https:\/\/bantoro.com\/de\/produkt-kategorie\/motorradpeitsche\/\"><strong data-start=\"2044\" data-end=\"2070\">Motorradzubeh\u00f6r<\/strong><\/a>.<\/p>\n","protected":false},"excerpt":{"rendered":"<ul>\n<li data-start=\"1988\" data-end=\"2065\"><strong data-start=\"1990\" data-end=\"2017\">Echtleder-Biker-Peitsche<\/strong> \u2013 Hergestellt aus 100 % echtem, handgeflochtenem Leder<\/li>\n<li data-start=\"2068\" data-end=\"2140\"><strong data-start=\"2070\" data-end=\"2091\">106,7 cm Get Back Whip<\/strong> \u2013 Peitsche in voller L\u00e4nge mit flie\u00dfenden Lederfransen<\/li>\n<li data-start=\"2143\" data-end=\"2220\"><strong data-start=\"2145\" data-end=\"2183\">Motorradpeitsche mit Schnellverschluss<\/strong> \u2013 Panikverschluss aus Edelstahl<\/li>\n<li data-start=\"2223\" data-end=\"2298\"><strong data-start=\"2225\" data-end=\"2254\">Biker-Peitsche mit Pool-Kugel<\/strong> \u2013 Griff mit Gewinde, gebohrte echte Pool-Kugel<\/li>\n<li data-start=\"2301\" data-end=\"2376\"><strong data-start=\"2303\" data-end=\"2329\">Motorradpeitsche mit Fransen<\/strong> \u2013 Erh\u00f6ht die Sichtbarkeit und verleiht Pr\u00e4senz auf der Stra\u00dfe<\/li>\n<li data-start=\"2379\" data-end=\"2457\"><strong data-start=\"2381\" data-end=\"2412\">Individuelles Motorradzubeh\u00f6r<\/strong> \u2013 Erg\u00e4nzt Cruiser, Harleys &amp; Chopper<\/li>\n<li data-start=\"2460\" data-end=\"2529\"><strong data-start=\"2462\" data-end=\"2486\">Motorradclub-Peitsche<\/strong> \u2013 Perfekt f\u00fcr Biker-Kultur &amp; Clubfahrten<\/li>\n<li data-start=\"2532\" data-end=\"2611\"><strong data-start=\"2534\" data-end=\"2558\">Funktional &amp; Stilvoll<\/strong> \u2013 Gebaut f\u00fcr Sicherheit, Identit\u00e4t &amp; klassischen Biker-Stil<\/li>\n<\/ul>\n","protected":false},"featured_media":11913,"comment_status":"open","ping_status":"closed","template":"","meta":[],"product_brand":[],"product_cat":[1273],"product_tag":[979,997,1008,1025,1092,1010,1115,1118,1135,1173,1428],"class_list":{"0":"post-11920","1":"product","2":"type-product","3":"status-publish","4":"has-post-thumbnail","6":"product_cat-motorradpeitsche","7":"product_tag-biker-zubehor","8":"product_tag-chopper-peitsche","9":"product_tag-cruiser-peitsche","10":"product_tag-get-back-peitsche","11":"product_tag-leder-biker-peitsche","12":"product_tag-masgeschneiderte-motorradausrustung","13":"product_tag-motorrad-sicherheitszubehor","14":"product_tag-motorradpeitsche","15":"product_tag-peitsche-mit-billardkugelgriff","16":"product_tag-quick-release-motorcycle-whip","17":"product_tag-vintage-motorradpeitsche","19":"first","20":"outofstock","21":"sale","22":"taxable","23":"shipping-taxable","24":"purchasable","25":"product-type-simple"},"_links":{"self":[{"href":"https:\/\/bantoro.com\/de\/wp-json\/wp\/v2\/product\/11920","targetHints":{"allow":["GET"]}}],"collection":[{"href":"https:\/\/bantoro.com\/de\/wp-json\/wp\/v2\/product"}],"about":[{"href":"https:\/\/bantoro.com\/de\/wp-json\/wp\/v2\/types\/product"}],"replies":[{"embeddable":true,"href":"https:\/\/bantoro.com\/de\/wp-json\/wp\/v2\/comments?post=11920"}],"wp:featuredmedia":[{"embeddable":true,"href":"https:\/\/bantoro.com\/de\/wp-json\/wp\/v2\/media\/11913"}],"wp:attachment":[{"href":"https:\/\/bantoro.com\/de\/wp-json\/wp\/v2\/media?parent=11920"}],"wp:term":[{"taxonomy":"product_brand","embeddable":true,"href":"https:\/\/bantoro.com\/de\/wp-json\/wp\/v2\/product_brand?post=11920"},{"taxonomy":"product_cat","embeddable":true,"href":"https:\/\/bantoro.com\/de\/wp-json\/wp\/v2\/product_cat?post=11920"},{"taxonomy":"product_tag","embeddable":true,"href":"https:\/\/bantoro.com\/de\/wp-json\/wp\/v2\/product_tag?post=11920"}],"curies":[{"name":"wp","href":"https:\/\/api.w.org\/{rel}","templated":true}]}}