{"id":12219,"date":"2023-10-11T13:28:18","date_gmt":"2023-10-11T12:28:18","guid":{"rendered":"https:\/\/bantoro.com\/ueber-uns\/"},"modified":"2026-01-27T13:34:44","modified_gmt":"2026-01-27T13:34:44","slug":"ueber-uns","status":"publish","type":"page","link":"https:\/\/bantoro.com\/de\/ueber-uns\/","title":{"rendered":"\u00dcber uns"},"content":{"rendered":"\t\t<div data-elementor-type=\"wp-page\" data-elementor-id=\"12219\" class=\"elementor elementor-12219 elementor-1052\">\n\t\t\t\t<div class=\"elementor-element elementor-element-b027520 e-flex e-con-boxed e-con e-parent\" data-id=\"b027520\" data-element_type=\"container\" data-e-type=\"container\">\n\t\t\t\t\t<div class=\"e-con-inner\">\n\t\t\t\t<div class=\"elementor-element elementor-element-34180dd elementor-widget elementor-widget-heading\" data-id=\"34180dd\" data-element_type=\"widget\" data-e-type=\"widget\" data-widget_type=\"heading.default\">\n\t\t\t\t\t<h1 class=\"elementor-heading-title elementor-size-default\">\u00dcber uns<\/h1>\t\t\t\t<\/div>\n\t\t\t\t\t<\/div>\n\t\t\t\t<\/div>\n\t\t<div class=\"elementor-element elementor-element-ab06ae3 e-flex e-con-boxed e-con e-parent\" data-id=\"ab06ae3\" data-element_type=\"container\" data-e-type=\"container\">\n\t\t\t\t\t<div class=\"e-con-inner\">\n\t\t\t\t<div class=\"elementor-element elementor-element-8c5cf7b elementor-widget elementor-widget-text-editor\" data-id=\"8c5cf7b\" data-element_type=\"widget\" data-e-type=\"widget\" data-widget_type=\"text-editor.default\">\n\t\t\t\t\t\t\t\t\t<p data-pm-slice=\"1 1 []\">Willkommen bei <strong>Bantoro Ltd<\/strong>, einem angesehenen Namen in der Welt der handgefertigten Lederprodukte. Mit \u00fcber zwei Jahrzehnten Erfahrung haben wir uns einen Namen f\u00fcr Exzellenz, Pr\u00e4zision und Innovation gemacht. Als familiengef\u00fchrtes Unternehmen mit Sitz in Gro\u00dfbritannien und einer eigenen Produktionseinheit in Sialkot, Pakistan, verbindet Bantoro Ltd traditionelle Handwerkskunst mit modernen Techniken, um hochwertige Lederwaren herzustellen, die die Zeit \u00fcberdauern.  <\/p>\t\t\t\t\t\t\t\t<\/div>\n\t\t\t\t\t<\/div>\n\t\t\t\t<\/div>\n\t\t<div class=\"elementor-element elementor-element-c68493c e-flex e-con-boxed e-con e-parent\" data-id=\"c68493c\" data-element_type=\"container\" data-e-type=\"container\">\n\t\t\t\t\t<div class=\"e-con-inner\">\n\t\t<div class=\"elementor-element elementor-element-01bb472 e-con-full e-flex e-con e-child\" data-id=\"01bb472\" data-element_type=\"container\" data-e-type=\"container\">\n\t\t\t\t<div class=\"elementor-element elementor-element-6dc1d8d elementor-widget elementor-widget-heading\" data-id=\"6dc1d8d\" data-element_type=\"widget\" data-e-type=\"widget\" data-widget_type=\"heading.default\">\n\t\t\t\t\t<h2 class=\"elementor-heading-title elementor-size-default\">Unsere Produkte<\/h2>\t\t\t\t<\/div>\n\t\t\t\t<\/div>\n\t\t\t\t\t<\/div>\n\t\t\t\t<\/div>\n\t\t<div class=\"elementor-element elementor-element-6b1050a e-flex e-con-boxed e-con e-parent\" data-id=\"6b1050a\" data-element_type=\"container\" data-e-type=\"container\">\n\t\t\t\t\t<div class=\"e-con-inner\">\n\t\t\t\t<div class=\"elementor-element elementor-element-c5f0e46 elementor-widget elementor-widget-text-editor\" data-id=\"c5f0e46\" data-element_type=\"widget\" data-e-type=\"widget\" data-widget_type=\"text-editor.default\">\n\t\t\t\t\t\t\t\t\t<p data-pm-slice=\"1 3 []\">Bei Bantoro Ltd sind wir auf die Herstellung hochwertiger Lederprodukte spezialisiert, die sorgf\u00e4ltig entworfen wurden, um die Anforderungen von Enthusiasten, Profis und Sammlern gleicherma\u00dfen zu erf\u00fcllen. Unsere Produktpalette umfasst: <\/p><ul data-spread=\"true\"><li><p><strong>Lederpeitschen &amp; Bullwhips<\/strong>: Unsere Peitschen werden aus hochwertigem Leder handgefertigt und sind bekannt f\u00fcr ihre Haltbarkeit, Flexibilit\u00e4t und au\u00dfergew\u00f6hnliche Leistung. Wir bieten eine Vielzahl von Peitschen an, darunter: <\/p><ul data-spread=\"false\"><li><p>Kangaroo Leder Bullwhips<\/p><\/li><li><p>Leder Bullwhips<\/p><\/li><li><p>Leder Flogger<\/p><\/li><li><p>Leder Stockwhips<\/p><\/li><li><p>Mini-Peitschen im Taschenformat<\/p><\/li><li><p>Motorradpeitschen<\/p><\/li><li><p>Schlangenpeitschen (mit Schrot geladen)<\/p><\/li><li><p>Paracord Nylon Bullwhips<\/p><\/li><li><p>Lederpeitschen (2 bis 3 Fu\u00df)<\/p><\/li><li><p>Bullwhip Zubeh\u00f6r<\/p><\/li><\/ul><\/li><li><p><strong>Bogensch\u00fctzenk\u00f6cher<\/strong>: Unsere Lederk\u00f6cher f\u00fcr Bogensch\u00fctzen sind sowohl stilvoll als auch funktional und bieten eine erstklassige L\u00f6sung f\u00fcr das Tragen von Pfeilen, w\u00e4hrend sie das Gesamterlebnis der Bogensch\u00fctzen verbessern.<\/p><\/li><li><p><strong>Lederjagdtaschen &amp; Mehr<\/strong>: Unsere fachm\u00e4nnisch gefertigten Lederjagdtaschen und andere Lederaccessoires verbinden Haltbarkeit mit Raffinesse und bieten die perfekte Mischung aus Funktionalit\u00e4t und \u00c4sthetik.<\/p><\/li><\/ul>\t\t\t\t\t\t\t\t<\/div>\n\t\t\t\t\t<\/div>\n\t\t\t\t<\/div>\n\t\t<div class=\"elementor-element elementor-element-dfe2298 e-flex e-con-boxed e-con e-parent\" data-id=\"dfe2298\" data-element_type=\"container\" data-e-type=\"container\">\n\t\t\t\t\t<div class=\"e-con-inner\">\n\t\t<div class=\"elementor-element elementor-element-fbc6fb3 e-con-full e-flex e-con e-child\" data-id=\"fbc6fb3\" data-element_type=\"container\" data-e-type=\"container\">\n\t\t\t\t<div class=\"elementor-element elementor-element-9720836 elementor-widget elementor-widget-heading\" data-id=\"9720836\" data-element_type=\"widget\" data-e-type=\"widget\" data-widget_type=\"heading.default\">\n\t\t\t\t\t<h2 class=\"elementor-heading-title elementor-size-default\">Marketingpr\u00e4senz<\/h2>\t\t\t\t<\/div>\n\t\t\t\t<\/div>\n\t\t\t\t\t<\/div>\n\t\t\t\t<\/div>\n\t\t<div class=\"elementor-element elementor-element-04d0aad e-flex e-con-boxed e-con e-parent\" data-id=\"04d0aad\" data-element_type=\"container\" data-e-type=\"container\">\n\t\t\t\t\t<div class=\"e-con-inner\">\n\t\t\t\t<div class=\"elementor-element elementor-element-902dbc1 elementor-widget elementor-widget-text-editor\" data-id=\"902dbc1\" data-element_type=\"widget\" data-e-type=\"widget\" data-widget_type=\"text-editor.default\">\n\t\t\t\t\t\t\t\t\t<p data-pm-slice=\"1 1 []\">Um sicherzustellen, dass unsere Produkte einem globalen Publikum zug\u00e4nglich sind, verkaufen wir \u00fcber mehrere E-Commerce-Plattformen, darunter <strong>Amazon, Etsy, eBay<\/strong> und unsere offizielle Website <a href=\"https:\/\/www.bantoro.com\"><strong>www.bantoro.com<\/strong><\/a>. Dieser Multi-Channel-Ansatz erm\u00f6glicht es uns, eine vielf\u00e4ltige Kundenbasis anzusprechen, von Hobbyisten bis hin zu Profis. <\/p>\t\t\t\t\t\t\t\t<\/div>\n\t\t\t\t\t<\/div>\n\t\t\t\t<\/div>\n\t\t<div class=\"elementor-element elementor-element-da44f86 e-flex e-con-boxed e-con e-parent\" data-id=\"da44f86\" data-element_type=\"container\" data-e-type=\"container\">\n\t\t\t\t\t<div class=\"e-con-inner\">\n\t\t<div class=\"elementor-element elementor-element-6be5982 e-con-full e-flex e-con e-child\" data-id=\"6be5982\" data-element_type=\"container\" data-e-type=\"container\">\n\t\t\t\t<div class=\"elementor-element elementor-element-eba4beb elementor-widget elementor-widget-heading\" data-id=\"eba4beb\" data-element_type=\"widget\" data-e-type=\"widget\" data-widget_type=\"heading.default\">\n\t\t\t\t\t<h2 class=\"elementor-heading-title elementor-size-default\">Unsere Vision<\/h2>\t\t\t\t<\/div>\n\t\t\t\t<\/div>\n\t\t\t\t\t<\/div>\n\t\t\t\t<\/div>\n\t\t<div class=\"elementor-element elementor-element-e0a31aa e-flex e-con-boxed e-con e-parent\" data-id=\"e0a31aa\" data-element_type=\"container\" data-e-type=\"container\">\n\t\t\t\t\t<div class=\"e-con-inner\">\n\t\t\t\t<div class=\"elementor-element elementor-element-0fca589 elementor-widget elementor-widget-text-editor\" data-id=\"0fca589\" data-element_type=\"widget\" data-e-type=\"widget\" data-widget_type=\"text-editor.default\">\n\t\t\t\t\t\t\t\t\t<p data-pm-slice=\"1 1 []\">W\u00e4hrend wir weiter wachsen, ist es unsere Vision, unser Produktangebot zu erweitern und unsere Pr\u00e4senz auf den internationalen M\u00e4rkten zu verst\u00e4rken. Wir sind bestrebt, innerhalb der Lederindustrie Innovationen voranzutreiben und einzigartige Designs zu entwickeln, die traditionelle Techniken bewahren und gleichzeitig moderne Fortschritte integrieren. Unser Engagement f\u00fcr Exzellenz stellt sicher, dass jedes Produkt die h\u00f6chste Qualit\u00e4t und Authentizit\u00e4t widerspiegelt.  <\/p>\t\t\t\t\t\t\t\t<\/div>\n\t\t\t\t\t<\/div>\n\t\t\t\t<\/div>\n\t\t<div class=\"elementor-element elementor-element-4b1f83b e-flex e-con-boxed e-con e-parent\" data-id=\"4b1f83b\" data-element_type=\"container\" data-e-type=\"container\">\n\t\t\t\t\t<div class=\"e-con-inner\">\n\t\t<div class=\"elementor-element elementor-element-4cb09fa e-con-full e-flex e-con e-child\" data-id=\"4cb09fa\" data-element_type=\"container\" data-e-type=\"container\">\n\t\t\t\t<div class=\"elementor-element elementor-element-1263f22 elementor-widget elementor-widget-heading\" data-id=\"1263f22\" data-element_type=\"widget\" data-e-type=\"widget\" data-widget_type=\"heading.default\">\n\t\t\t\t\t<h2 class=\"elementor-heading-title elementor-size-default\">Engagement f\u00fcr Qualit\u00e4t<\/h2>\t\t\t\t<\/div>\n\t\t\t\t<\/div>\n\t\t\t\t\t<\/div>\n\t\t\t\t<\/div>\n\t\t<div class=\"elementor-element elementor-element-a89c980 e-flex e-con-boxed e-con e-parent\" data-id=\"a89c980\" data-element_type=\"container\" data-e-type=\"container\">\n\t\t\t\t\t<div class=\"e-con-inner\">\n\t\t\t\t<div class=\"elementor-element elementor-element-4ef07b2 elementor-widget elementor-widget-text-editor\" data-id=\"4ef07b2\" data-element_type=\"widget\" data-e-type=\"widget\" data-widget_type=\"text-editor.default\">\n\t\t\t\t\t\t\t\t\t<p data-pm-slice=\"1 1 []\">Bei Bantoro Ltd ist Qualit\u00e4t nicht nur ein Standard, sondern unsere Philosophie. Von der sorgf\u00e4ltigen Auswahl der Rohstoffe bis hin zu den H\u00e4nden unserer erfahrenen Handwerker durchl\u00e4uft jedes Produkt eine strenge Qualit\u00e4tskontrolle, um unsere hohen Standards zu erf\u00fcllen. Unser Leder wird ethisch einwandfrei beschafft, behandelt und verarbeitet, um seine Haltbarkeit und Eleganz zu erhalten. Dieses unersch\u00fctterliche Engagement f\u00fcr Handwerkskunst unterscheidet uns in der Branche.   <\/p>\t\t\t\t\t\t\t\t<\/div>\n\t\t\t\t\t<\/div>\n\t\t\t\t<\/div>\n\t\t<div class=\"elementor-element elementor-element-a6c0994 e-flex e-con-boxed e-con e-parent\" data-id=\"a6c0994\" data-element_type=\"container\" data-e-type=\"container\">\n\t\t\t\t\t<div class=\"e-con-inner\">\n\t\t<div class=\"elementor-element elementor-element-ef3c025 e-con-full e-flex e-con e-child\" data-id=\"ef3c025\" data-element_type=\"container\" data-e-type=\"container\">\n\t\t\t\t<div class=\"elementor-element elementor-element-601c625 elementor-widget elementor-widget-heading\" data-id=\"601c625\" data-element_type=\"widget\" data-e-type=\"widget\" data-widget_type=\"heading.default\">\n\t\t\t\t\t<h2 class=\"elementor-heading-title elementor-size-default\">Kundenzufriedenheit<\/h2>\t\t\t\t<\/div>\n\t\t\t\t<\/div>\n\t\t\t\t\t<\/div>\n\t\t\t\t<\/div>\n\t\t<div class=\"elementor-element elementor-element-af48dcc e-flex e-con-boxed e-con e-parent\" data-id=\"af48dcc\" data-element_type=\"container\" data-e-type=\"container\">\n\t\t\t\t\t<div class=\"e-con-inner\">\n\t\t\t\t<div class=\"elementor-element elementor-element-544fb08 elementor-widget elementor-widget-text-editor\" data-id=\"544fb08\" data-element_type=\"widget\" data-e-type=\"widget\" data-widget_type=\"text-editor.default\">\n\t\t\t\t\t\t\t\t\t<p data-pm-slice=\"1 1 []\">Die Kundenzufriedenheit steht im Mittelpunkt unseres Handelns. Wir sind stolz darauf, einen hervorragenden Kundenservice zu bieten, der einen schnellen Versand, eine nahtlose Kommunikation und einen reaktionsschnellen Support gew\u00e4hrleistet. Das Vertrauen und die Loyalit\u00e4t unserer Kunden treiben uns an, in allen Aspekten unseres Gesch\u00e4fts Exzellenz zu wahren. Verlassen Sie sich nicht nur auf unser Wort \u2013 lesen Sie, was unsere Kunden auf Plattformen wie <strong>Trustpilot, eBay, Amazon und Etsy<\/strong> zu sagen haben.   <\/p>\t\t\t\t\t\t\t\t<\/div>\n\t\t\t\t\t<\/div>\n\t\t\t\t<\/div>\n\t\t<div class=\"elementor-element elementor-element-038b3e5 e-flex e-con-boxed e-con e-parent\" data-id=\"038b3e5\" data-element_type=\"container\" data-e-type=\"container\">\n\t\t\t\t\t<div class=\"e-con-inner\">\n\t\t<div class=\"elementor-element elementor-element-8d9989f e-con-full e-flex e-con e-child\" data-id=\"8d9989f\" data-element_type=\"container\" data-e-type=\"container\">\n\t\t\t\t<div class=\"elementor-element elementor-element-56e199b elementor-widget elementor-widget-heading\" data-id=\"56e199b\" data-element_type=\"widget\" data-e-type=\"widget\" data-widget_type=\"heading.default\">\n\t\t\t\t\t<h2 class=\"elementor-heading-title elementor-size-default\">Unser Team<\/h2>\t\t\t\t<\/div>\n\t\t\t\t<\/div>\n\t\t\t\t\t<\/div>\n\t\t\t\t<\/div>\n\t\t<div class=\"elementor-element elementor-element-2e99f0b e-flex e-con-boxed e-con e-parent\" data-id=\"2e99f0b\" data-element_type=\"container\" data-e-type=\"container\">\n\t\t\t\t\t<div class=\"e-con-inner\">\n\t\t\t\t<div class=\"elementor-element elementor-element-b8cc3af elementor-widget elementor-widget-text-editor\" data-id=\"b8cc3af\" data-element_type=\"widget\" data-e-type=\"widget\" data-widget_type=\"text-editor.default\">\n\t\t\t\t\t\t\t\t\t<p data-pm-slice=\"1 1 []\">Bantoro Ltd ist mehr als nur ein Unternehmen, es ist eine Familie. Was als kleiner Betrieb begann, hat sich zu einem engagierten Team von \u00fcber <strong>40 talentierten Mitarbeitern<\/strong> in Gro\u00dfbritannien und Sialkot, Pakistan, entwickelt. Wir feiern Vielfalt, Kreativit\u00e4t und eine gemeinsame Leidenschaft f\u00fcr Handwerkskunst. W\u00e4hrend wir weiter expandieren, freuen wir uns \u00fcber innovative K\u00f6pfe, die sich unserer Reise anschlie\u00dfen. Wenn Sie glauben, dass Sie gut zu uns passen, melden Sie sich bei uns!    <\/p>\t\t\t\t\t\t\t\t<\/div>\n\t\t\t\t\t<\/div>\n\t\t\t\t<\/div>\n\t\t<div class=\"elementor-element elementor-element-50b7875 e-flex e-con-boxed e-con e-parent\" data-id=\"50b7875\" data-element_type=\"container\" data-e-type=\"container\">\n\t\t\t\t\t<div class=\"e-con-inner\">\n\t\t<div class=\"elementor-element elementor-element-d4917d6 e-con-full e-flex e-con e-child\" data-id=\"d4917d6\" data-element_type=\"container\" data-e-type=\"container\">\n\t\t\t\t<div class=\"elementor-element elementor-element-b7e5566 elementor-widget elementor-widget-heading\" data-id=\"b7e5566\" data-element_type=\"widget\" data-e-type=\"widget\" data-widget_type=\"heading.default\">\n\t\t\t\t\t<h2 class=\"elementor-heading-title elementor-size-default\">Treten Sie dem Bantoro-Erlebnis bei<\/h2>\t\t\t\t<\/div>\n\t\t\t\t<\/div>\n\t\t\t\t\t<\/div>\n\t\t\t\t<\/div>\n\t\t<div class=\"elementor-element elementor-element-8974b87 e-flex e-con-boxed e-con e-parent\" data-id=\"8974b87\" data-element_type=\"container\" data-e-type=\"container\">\n\t\t\t\t\t<div class=\"e-con-inner\">\n\t\t\t\t<div class=\"elementor-element elementor-element-af04938 elementor-widget elementor-widget-text-editor\" data-id=\"af04938\" data-element_type=\"widget\" data-e-type=\"widget\" data-widget_type=\"text-editor.default\">\n\t\t\t\t\t\t\t\t\t<p data-pm-slice=\"1 1 []\">Bantoro Ltd ist ein H\u00fcter der Tradition, ein Verfechter der Qualit\u00e4t und ein Pionier der Innovation. Egal, ob Sie ein erfahrener Sammler, ein Profi oder ein Enthusiast sind, unsere Produkte werden gefertigt, um un\u00fcbertroffene Exzellenz zu bieten. Entdecken Sie unsere Kollektion und erleben Sie die zeitlose Kunstfertigkeit von <strong>Bantoro Handwerkskunst<\/strong>.  <\/p><p>F\u00fcr Anfragen, Kooperationen oder Karrierem\u00f6glichkeiten besuchen Sie <a href=\"https:\/\/www.bantoro.com\"><strong>www.bantoro.com<\/strong><\/a> oder kontaktieren Sie uns direkt. Wir freuen uns darauf, Ihnen zu dienen! <\/p>\t\t\t\t\t\t\t\t<\/div>\n\t\t\t\t\t<\/div>\n\t\t\t\t<\/div>\n\t\t\t\t<\/div>\n\t\t","protected":false},"excerpt":{"rendered":"<p>\u00dcber uns Willkommen bei Bantoro Ltd, einem angesehenen Namen in der Welt der handgefertigten Lederprodukte. Mit \u00fcber zwei Jahrzehnten Erfahrung&#8230;<\/p>\n","protected":false},"author":1,"featured_media":0,"parent":0,"menu_order":0,"comment_status":"closed","ping_status":"closed","template":"","meta":{"footnotes":""},"class_list":["post-12219","page","type-page","status-publish","hentry"],"rttpg_featured_image_url":null,"rttpg_author":{"display_name":"Bantoro","author_link":"https:\/\/bantoro.com\/de\/author\/rizonmobile\/"},"rttpg_comment":0,"rttpg_category":" <a href=\"https:\/\/bantoro.com\/de\/?taxonomy=translation_priority&#038;term=optional-de\" rel=\"tag\">Optional<\/a>","rttpg_excerpt":"\u00dcber uns Willkommen bei Bantoro Ltd, einem angesehenen Namen in der Welt der handgefertigten Lederprodukte. Mit \u00fcber zwei Jahrzehnten Erfahrung...","_links":{"self":[{"href":"https:\/\/bantoro.com\/de\/wp-json\/wp\/v2\/pages\/12219","targetHints":{"allow":["GET"]}}],"collection":[{"href":"https:\/\/bantoro.com\/de\/wp-json\/wp\/v2\/pages"}],"about":[{"href":"https:\/\/bantoro.com\/de\/wp-json\/wp\/v2\/types\/page"}],"author":[{"embeddable":true,"href":"https:\/\/bantoro.com\/de\/wp-json\/wp\/v2\/users\/1"}],"replies":[{"embeddable":true,"href":"https:\/\/bantoro.com\/de\/wp-json\/wp\/v2\/comments?post=12219"}],"version-history":[{"count":0,"href":"https:\/\/bantoro.com\/de\/wp-json\/wp\/v2\/pages\/12219\/revisions"}],"wp:attachment":[{"href":"https:\/\/bantoro.com\/de\/wp-json\/wp\/v2\/media?parent=12219"}],"curies":[{"name":"wp","href":"https:\/\/api.w.org\/{rel}","templated":true}]}}