{"id":11159,"date":"2023-07-26T21:15:27","date_gmt":"2023-07-26T20:15:27","guid":{"rendered":"https:\/\/bantoro.com\/rueckerstattungs-und-rueckgabebestimmungen\/"},"modified":"2026-01-27T16:41:23","modified_gmt":"2026-01-27T16:41:23","slug":"rueckerstattungs-und-rueckgabebestimmungen","status":"publish","type":"page","link":"https:\/\/bantoro.com\/de\/rueckerstattungs-und-rueckgabebestimmungen\/","title":{"rendered":"R\u00fcckerstattungs- und R\u00fcckgabebestimmungen"},"content":{"rendered":"\t\t<div data-elementor-type=\"wp-page\" data-elementor-id=\"11159\" class=\"elementor elementor-11159 elementor-12\">\n\t\t\t\t<div class=\"elementor-element elementor-element-0693855 e-flex e-con-boxed e-con e-parent\" data-id=\"0693855\" data-element_type=\"container\" data-e-type=\"container\">\n\t\t\t\t\t<div class=\"e-con-inner\">\n\t\t\t\t<div class=\"elementor-element elementor-element-e1fe313 elementor-widget elementor-widget-heading\" data-id=\"e1fe313\" data-element_type=\"widget\" data-e-type=\"widget\" data-widget_type=\"heading.default\">\n\t\t\t\t\t<h1 class=\"elementor-heading-title elementor-size-default\">R\u00fcckerstattungs- und R\u00fcckgabebestimmungen<\/h1>\t\t\t\t<\/div>\n\t\t\t\t\t<\/div>\n\t\t\t\t<\/div>\n\t\t<div class=\"elementor-element elementor-element-6047afd4 e-flex e-con-boxed e-con e-parent\" data-id=\"6047afd4\" data-element_type=\"container\" data-e-type=\"container\">\n\t\t\t\t\t<div class=\"e-con-inner\">\n\t\t\t\t<div class=\"elementor-element elementor-element-214cb671 elementor-widget elementor-widget-text-editor\" data-id=\"214cb671\" data-element_type=\"widget\" data-e-type=\"widget\" data-widget_type=\"text-editor.default\">\n\t\t\t\t\t\t\t\t\t<p>Wir von Bantoro Ltd. sind bestrebt, sicherzustellen, dass unsere Kunden mit ihren Eink\u00e4ufen vollkommen zufrieden sind. Wir verstehen, dass ein Produkt manchmal nicht Ihren Erwartungen entspricht oder einen Umtausch oder eine R\u00fcckerstattung erfordert. Unsere R\u00fcckerstattungs- und R\u00fcckgabebestimmungen wurden entwickelt, um einen klaren und fairen Prozess f\u00fcr die Bearbeitung von R\u00fcckgaben und R\u00fcckerstattungen zu bieten und sicherzustellen, dass Ihre Erfahrung mit uns auch im Falle einer R\u00fcckgabe positiv bleibt.  <\/p>\n<h4>R\u00fcckgabeberechtigung<\/h4>\n<p>Unsere R\u00fcckerstattungs- und R\u00fcckgabebestimmungen gelten f\u00fcr 28 Tage ab dem Kaufdatum. Wenn seit Ihrem Kauf 28 Tage vergangen sind, k\u00f6nnen wir Ihnen leider keine R\u00fcckerstattung oder einen Umtausch anbieten. Um sich f\u00fcr eine R\u00fcckgabe zu qualifizieren, m\u00fcssen die folgenden Bedingungen erf\u00fcllt sein:  <\/p>\n<ol>\n<li>Erstkontakt: Bitte starten Sie den R\u00fccksendeprozess, indem Sie uns innerhalb von 28 Tagen unter admin@bantoro.com kontaktieren. Wir werden Sie durch die erforderlichen Schritte zur R\u00fccksendung Ihres Artikels f\u00fchren. Die R\u00fccksendegenehmigung muss vor der R\u00fccksendung des Artikels eingeholt werden.  <\/li>\n<li><strong>Zustand des Artikels<\/strong>: Der Artikel muss unbenutzt und in dem exakten Zustand sein, in dem Sie ihn erhalten haben. Jegliche Anzeichen von Gebrauch, Abnutzung oder Ver\u00e4nderungen f\u00fchren zum Ausschluss des Artikels von der Berechtigung zur R\u00fcckerstattung oder zum Umtausch. <\/li>\n<li><strong>Originalverpackung<\/strong>: Das Produkt muss in seiner Originalverpackung zur\u00fcckgesendet werden, einschlie\u00dflich jeglichen Zubeh\u00f6rs, Dokumentation oder anderer Artikel, die damit geliefert wurden. Eine besch\u00e4digte, ver\u00e4nderte oder fehlende Verpackung kann zu einem Abzug von Ihrer R\u00fcckerstattung f\u00fchren. <\/li>\n<li><strong>R\u00fcckversandkosten<\/strong>: Der Kunde ist f\u00fcr die \u00dcbernahme der Kosten f\u00fcr den R\u00fcckversand verantwortlich. Die Versandkosten sind nicht erstattungsf\u00e4hig, und im Falle einer R\u00fcckerstattung werden die Kosten f\u00fcr den R\u00fcckversand von dem R\u00fcckerstattungsbetrag abgezogen. Es liegt auch in der Verantwortung des Kunden, sicherzustellen, dass die R\u00fccksendung nachverfolgbar ist. Wir empfehlen die Verwendung eines zuverl\u00e4ssigen Versanddienstes, der Tracking-Informationen bereitstellt, da wir den Erhalt zur\u00fcckgesendeter Artikel nicht garantieren k\u00f6nnen.   <\/li>\n<li><strong>R\u00fccksendeadresse<\/strong>: Bitte senden Sie Ihre R\u00fccksendung an die folgende Adresse:\n<p><a href=\"https:\/\/bantoro.com\/de\/\">Bantoro Ltd<\/a><br>40 Kings Road<br>Slough<br>Berkshire<br>SL1 2PT<br>Vereinigtes K\u00f6nigreich<\/p>\n<\/li>\n<\/ol>\n<h4>R\u00fcckerstattungsprozess<\/h4>\n<p>Sobald wir Ihren zur\u00fcckgesendeten Artikel erhalten haben, wird er einer Inspektion unterzogen, um seinen Zustand zu \u00fcberpr\u00fcfen. Sie werden per E-Mail benachrichtigt, sobald wir den Artikel erhalten haben und ob Ihr R\u00fcckerstattungsantrag genehmigt oder abgelehnt wurde. <\/p>\n<ul>\n<li><strong>Genehmigte R\u00fcckerstattungen<\/strong>: Wenn Ihre R\u00fcckerstattung genehmigt wird, wird sie bearbeitet und eine Gutschrift auf Ihre urspr\u00fcngliche Zahlungsmethode angewendet. Bitte beachten Sie, dass die Bearbeitungszeit je nach Ihrer Zahlungsmethode und Ihrem Finanzinstitut variieren kann. <\/li>\n<li>Abgelehnte R\u00fcckerstattungen: Wenn Ihre R\u00fccksendung nicht den in unserer Richtlinie festgelegten Bedingungen entspricht, wird Ihr R\u00fcckerstattungsantrag abgelehnt. In diesem Fall k\u00f6nnen Sie w\u00e4hlen, dass der Artikel auf Ihre eigene Kosten an Sie zur\u00fcckgesendet wird. <\/li>\n<\/ul>\n<h4>Versp\u00e4tete oder fehlende R\u00fcckerstattungen<\/h4>\n<p>Wenn Sie Ihre R\u00fcckerstattung nicht innerhalb des erwarteten Zeitrahmens erhalten haben, f\u00fchren Sie bitte die folgenden Schritte aus:<\/p>\n<ol>\n<li><strong>Bankkontopr\u00fcfung<\/strong>: \u00dcberpr\u00fcfen Sie Ihr Bankkonto, um sicherzustellen, dass die R\u00fcckerstattung nicht ohne Benachrichtigung bearbeitet wurde.<\/li>\n<li>22. Aufgrund von Lagerbeschr\u00e4nkungen unterliegen einige Produkte einer Mengenbegrenzung.<\/li>\n<li><strong>Bankkontakt<\/strong>: Wenden Sie sich an Ihre Bank, da es auf deren Seite zu Bearbeitungsverz\u00f6gerungen kommen kann, die die R\u00fcckerstattung aufhalten k\u00f6nnten.<\/li>\n<li>PayPal: Wenden Sie sich bitte an PayPal, da es m\u00f6glicherweise Verz\u00f6gerungen bei der Bearbeitung auf deren Seite gibt, die die R\u00fcckerstattung verz\u00f6gern k\u00f6nnten<\/li>\n<li><strong>Kontaktieren Sie uns<\/strong>: Wenn Sie alle diese Schritte unternommen haben und Ihre R\u00fcckerstattung immer noch nicht erhalten haben, kontaktieren Sie uns bitte unter <a rel=\"noreferrer\">admin@bantoro.com<\/a>. Wir werden Ihnen bei der L\u00f6sung des Problems behilflich sein. <\/li>\n<\/ol>\n<h4>Sale-Artikel<\/h4>\n<p>Bitte beachten Sie, dass nur Artikel zum regul\u00e4ren Preis f\u00fcr eine R\u00fcckerstattung in Frage kommen. Sale-Artikel, Ausverkaufsartikel oder Artikel, die mit Werberabatten gekauft wurden, sind nicht erstattungsf\u00e4hig. Diese Artikel sind Endverk\u00e4ufe und k\u00f6nnen nicht zur\u00fcckgegeben oder umgetauscht werden, es sei denn, sie sind bei Erhalt defekt oder besch\u00e4digt.  <\/p>\n<h4>Umtausch<\/h4>\n<p>Wir ersetzen Artikel nur, wenn sie defekt oder besch\u00e4digt sind. Wenn Sie einen Artikel gegen dasselbe Produkt umtauschen m\u00fcssen, kontaktieren Sie uns bitte unter <a rel=\"noreferrer\">admin@bantoro.com<\/a>. Sobald wir den Umtausch best\u00e4tigt haben, senden Sie Ihren Artikel an:  <\/p>\n<p>Bantoro Ltd<br>40 Kings Road<br>Slough<br>Berkshire<br>SL1 2PT<br>Vereinigtes K\u00f6nigreich<\/p>\n<p>Bitte beachten Sie, dass die Lieferzeit Ihres umgetauschten Produkts je nach Ihrem Standort variieren kann. Bei h\u00f6herpreisigen Artikeln empfehlen wir die Nutzung eines verfolgbaren Versanddienstes oder den Abschluss einer Versandversicherung, um eine sichere Zustellung zu gew\u00e4hrleisten. <\/p>\n<h4>R\u00fcckversandversicherung<\/h4>\n<p>Wenn Sie einen Artikel von erheblichem Wert zur\u00fccksenden, sollten Sie einen nachverfolgbaren Versanddienst nutzen oder eine Transportversicherung abschlie\u00dfen. Dies sch\u00fctzt Ihre R\u00fccksendung im Falle von Verlust oder Besch\u00e4digung w\u00e4hrend des Transports. <a href=\"https:\/\/www.trustpilot.com\/review\/bantoro.com\">Bantoro Ltd<\/a> \u00fcbernimmt keine Garantie f\u00fcr den Erhalt zur\u00fcckgesendeter Artikel und kann nicht f\u00fcr R\u00fccksendungen haftbar gemacht werden, die beim Versand verloren gehen oder besch\u00e4digt werden. <\/p>\n<h4>Kontaktinformationen<\/h4>\n<p>Bei Fragen oder Bedenken bez\u00fcglich unserer R\u00fcckerstattungs- und R\u00fcckgabebestimmungen z\u00f6gern Sie bitte nicht, uns unter <a rel=\"noreferrer\">admin@bantoro.com<\/a> zu kontaktieren. Wir sind hier, um Ihnen bei allen Problemen zu helfen, die auftreten k\u00f6nnen, und sicherzustellen, dass Ihr Einkaufserlebnis mit Bantoro Ltd zufriedenstellend ist. <\/p>\n<h4>Richtlinienaktualisierungen<\/h4>\n<p>Diese R\u00fcckerstattungs- und R\u00fcckgabebestimmungen k\u00f6nnen ohne vorherige Ank\u00fcndigung ge\u00e4ndert werden. Bitte \u00fcberpr\u00fcfen Sie die Richtlinien regelm\u00e4\u00dfig auf Aktualisierungen oder \u00c4nderungen, die Ihre Rechte und Pflichten in Bezug auf R\u00fccksendungen und R\u00fcckerstattungen betreffen k\u00f6nnen. <\/p>\t\t\t\t\t\t\t\t<\/div>\n\t\t<div class=\"elementor-element elementor-element-f0dd1f9 e-con-full e-flex e-con e-child\" data-id=\"f0dd1f9\" data-element_type=\"container\" data-e-type=\"container\">\n\t\t\t\t<div class=\"elementor-element elementor-element-163b2f2 elementor-widget elementor-widget-heading\" data-id=\"163b2f2\" data-element_type=\"widget\" data-e-type=\"widget\" data-widget_type=\"heading.default\">\n\t\t\t\t\t<h6 class=\"elementor-heading-title elementor-size-default\">Kundenservice anrufen<\/h6>\t\t\t\t<\/div>\n\t\t\t\t<div class=\"elementor-element elementor-element-e3d2a60 elementor-widget elementor-widget-text-editor\" data-id=\"e3d2a60\" data-element_type=\"widget\" data-e-type=\"widget\" data-widget_type=\"text-editor.default\">\n\t\t\t\t\t\t\t\t\t<p>+447743172049<\/p><div> <\/div>\t\t\t\t\t\t\t\t<\/div>\n\t\t\t\t<\/div>\n\t\t\t\t\t<\/div>\n\t\t\t\t<\/div>\n\t\t\t\t<\/div>\n\t\t","protected":false},"excerpt":{"rendered":"<p>R\u00fcckerstattungs- und R\u00fcckgabebestimmungen Wir von Bantoro Ltd. sind bestrebt, sicherzustellen, dass unsere Kunden mit ihren Eink\u00e4ufen vollkommen zufrieden sind. Wir&#8230;<\/p>\n","protected":false},"author":1,"featured_media":0,"parent":0,"menu_order":0,"comment_status":"closed","ping_status":"closed","template":"","meta":{"footnotes":""},"class_list":["post-11159","page","type-page","status-publish","hentry"],"rttpg_featured_image_url":null,"rttpg_author":{"display_name":"Bantoro","author_link":"https:\/\/bantoro.com\/de\/author\/rizonmobile\/"},"rttpg_comment":0,"rttpg_category":" <a href=\"https:\/\/bantoro.com\/de\/?taxonomy=translation_priority&#038;term=optional-de\" rel=\"tag\">Optional<\/a>","rttpg_excerpt":"R\u00fcckerstattungs- und R\u00fcckgabebestimmungen Wir von Bantoro Ltd. sind bestrebt, sicherzustellen, dass unsere Kunden mit ihren Eink\u00e4ufen vollkommen zufrieden sind. Wir...","_links":{"self":[{"href":"https:\/\/bantoro.com\/de\/wp-json\/wp\/v2\/pages\/11159","targetHints":{"allow":["GET"]}}],"collection":[{"href":"https:\/\/bantoro.com\/de\/wp-json\/wp\/v2\/pages"}],"about":[{"href":"https:\/\/bantoro.com\/de\/wp-json\/wp\/v2\/types\/page"}],"author":[{"embeddable":true,"href":"https:\/\/bantoro.com\/de\/wp-json\/wp\/v2\/users\/1"}],"replies":[{"embeddable":true,"href":"https:\/\/bantoro.com\/de\/wp-json\/wp\/v2\/comments?post=11159"}],"version-history":[{"count":0,"href":"https:\/\/bantoro.com\/de\/wp-json\/wp\/v2\/pages\/11159\/revisions"}],"wp:attachment":[{"href":"https:\/\/bantoro.com\/de\/wp-json\/wp\/v2\/media?parent=11159"}],"curies":[{"name":"wp","href":"https:\/\/api.w.org\/{rel}","templated":true}]}}