{"id":11155,"date":"2024-08-09T14:32:54","date_gmt":"2024-08-09T13:32:54","guid":{"rendered":"https:\/\/bantoro.com\/datenschutzrichtlinie\/"},"modified":"2026-01-28T12:39:07","modified_gmt":"2026-01-28T12:39:07","slug":"datenschutzrichtlinie","status":"publish","type":"page","link":"https:\/\/bantoro.com\/de\/datenschutzrichtlinie\/","title":{"rendered":"Datenschutzrichtlinie"},"content":{"rendered":"\t\t<div data-elementor-type=\"wp-page\" data-elementor-id=\"11155\" class=\"elementor elementor-11155 elementor-3189\">\n\t\t\t\t<div class=\"elementor-element elementor-element-9bd847a e-flex e-con-boxed e-con e-parent\" data-id=\"9bd847a\" data-element_type=\"container\" data-e-type=\"container\">\n\t\t\t\t\t<div class=\"e-con-inner\">\n\t\t\t\t<div class=\"elementor-element elementor-element-a8972c6 elementor-widget elementor-widget-heading\" data-id=\"a8972c6\" data-element_type=\"widget\" data-e-type=\"widget\" data-widget_type=\"heading.default\">\n\t\t\t\t\t<h1 class=\"elementor-heading-title elementor-size-default\"><h3>Datenschutzrichtlinie<\/h3><\/h1>\t\t\t\t<\/div>\n\t\t\t\t\t<\/div>\n\t\t\t\t<\/div>\n\t\t<div class=\"elementor-element elementor-element-1d6df37 e-flex e-con-boxed e-con e-parent\" data-id=\"1d6df37\" data-element_type=\"container\" data-e-type=\"container\">\n\t\t\t\t\t<div class=\"e-con-inner\">\n\t\t\t\t<div class=\"elementor-element elementor-element-341f5bf elementor-widget elementor-widget-text-editor\" data-id=\"341f5bf\" data-element_type=\"widget\" data-e-type=\"widget\" data-widget_type=\"text-editor.default\">\n\t\t\t\t\t\t\t\t\t<p>Diese Datenschutzrichtlinie beschreibt, wie <a href=\"https:\/\/bantoro.com\/de\/\" target=\"_blank\" rel=\"noopener\">Bantoro.com<\/a> die pers\u00f6nlichen Daten, die Sie bei der Nutzung unserer Website angeben, erfasst, verwendet und sch\u00fctzt.<\/p>\n<h4>Behandelte Themen:<\/h4>\n<ul>\n<li>Welche Informationen erfassen wir?<\/li>\n<li>Wie verwenden wir Ihre Informationen?<\/li>\n<li>Marketing-Pr\u00e4ferenzen<\/li>\n<li>Zugriff auf und Korrektur Ihrer Informationen<\/li>\n<li>Links zu anderen Websites<\/li>\n<li>Aktualisierungen unserer Datenschutzrichtlinie<\/li>\n<li>Wie Sie <a href=\"https:\/\/bantoro.com\/de\/kontakt\/\" target=\"_blank\" rel=\"noopener\">uns kontaktieren<\/a> k\u00f6nnen<\/li>\n<li>Cookies<\/li>\n<li>Liste der von uns erfassten Cookies<\/li>\n<\/ul>\n<h4>Welche Informationen erfassen wir?<\/h4>\n<p>Wir erfassen Informationen, wenn Sie unsere Website besuchen, sich registrieren, eine Bestellung aufgeben, sich f\u00fcr unsere Mailingliste anmelden oder an Umfragen oder Wettbewerben teilnehmen. Die von uns erfassten Informationen k\u00f6nnen Folgendes umfassen: <\/p>\n<ul>\n<li><strong>Kontaktinformationen<\/strong>: Name, E-Mail-Adresse, Postanschrift, Telefonnummer<\/li>\n<li><strong>Demografische Daten<\/strong>: Standort, Pr\u00e4ferenzen, Interessen<\/li>\n<li><strong>Andere Informationen<\/strong>: Relevante Daten f\u00fcr Kundenumfragen oder Angebote<\/li>\n<li><strong>Daten zur Website-Nutzung<\/strong>: Erfasst durch Cookies (siehe unsere Cookie-Liste unten)<\/li>\n<\/ul>\n<h4>Wie verwenden wir Ihre Informationen?<\/h4>\n<p>Ihre Informationen werden verwendet, um Bestellungen zu bearbeiten, Ihr Konto zu verwalten und Ihre Erfahrung auf unserer Website zu personalisieren. Mit Ihrer Zustimmung senden wir Ihnen m\u00f6glicherweise E-Mails \u00fcber Produkte und Dienstleistungen, die Sie interessieren k\u00f6nnten. Obwohl Bantoro.com Ihre Informationen nicht an Dritte weitergibt, k\u00f6nnen wir sie verwenden, um personalisierte Empfehlungen \u00fcber Plattformen Dritter bereitzustellen. W\u00e4hrend der Bestellabwicklung k\u00f6nnen wir Ihre Daten auch an Kreditauskunfteien und Betrugspr\u00e4ventionsagenturen weitergeben.   <\/p>\n<h4>Marketing-Pr\u00e4ferenzen<\/h4>\n<p>Mit Ihrer Erlaubnis senden wir Ihnen m\u00f6glicherweise Marketingmitteilungen \u00fcber Produkte, die Sie interessieren k\u00f6nnten. Sie k\u00f6nnen sich jederzeit von Marketing-E-Mails abmelden, indem Sie Ihre Pr\u00e4ferenzen \u00fcber den Link in jeder Marketing-E-Mail aktualisieren oder sich an unser Support-Team wenden. <\/p>\n<h4>Zugriff auf und Korrektur Ihrer Informationen<\/h4>\n<p>Sie haben das Recht, eine Kopie der pers\u00f6nlichen Daten anzufordern, die wir \u00fcber Sie gespeichert haben. Wenn Sie eine Kopie w\u00fcnschen oder Ungenauigkeiten korrigieren m\u00f6chten, kontaktieren Sie uns bitte unter <g id=\"gid_0\">support@bantoro.com<\/g>. Wir sind bestrebt, Ihre Informationen korrekt und auf dem neuesten Stand zu halten.  <\/p>\n<h4>Links zu anderen Websites<\/h4>\n<p>Unsere Website kann Links zu externen Websites enthalten. Diese Datenschutzrichtlinie gilt nur f\u00fcr Bantoro.com. Wir empfehlen Ihnen daher, die Datenschutzrichtlinien aller verlinkten Websites, die Sie besuchen, zu lesen. <\/p>\n<h4>Aktualisierungen unserer Datenschutzrichtlinie<\/h4>\n<p>Wir \u00fcberpr\u00fcfen und aktualisieren unsere Datenschutzrichtlinie regelm\u00e4\u00dfig. Alle \u00c4nderungen werden auf dieser Seite ver\u00f6ffentlicht. Die letzte Aktualisierung erfolgte am 9. August 2024.  <\/p>\n<h4>Wie Sie uns kontaktieren k\u00f6nnen<\/h4>\n<p>Bei Fragen zu unserer Datenschutzrichtlinie oder den Informationen, die wir \u00fcber Sie gespeichert haben, <a href=\"https:\/\/bantoro.com\/de\/kontakt\/\" target=\"_blank\" rel=\"noopener\">kontaktieren Sie uns<\/a> bitte:<\/p>\n<ul>\n<li><strong>E-Mail<\/strong>: <a rel=\"noreferrer\">admin@bantoro.com<\/a><\/li>\n<li><strong>Telefon<\/strong>: +44 7743172049 (Montag bis Freitag, 10 bis 16 Uhr GMT)<\/li>\n<li><strong>Post<\/strong>: <a href=\"https:\/\/www.trustpilot.com\/review\/bantoro.com\">Bantoro Ltd<\/a>, 40 Kings Road, Slough, Berkshire SL1 2PT, Vereinigtes K\u00f6nigreich<\/li>\n<\/ul>\n<h4>Cookies<\/h4>\n<p>Cookies sind kleine Dateien, die auf Ihrem Ger\u00e4t gespeichert werden, um uns bei der Analyse des Webverkehrs zu helfen und Ihr Surferlebnis anzupassen. Wir verwenden Cookies, um zu verstehen, welche Seiten f\u00fcr Sie n\u00fctzlich sind, und um unsere Website basierend auf diesen Informationen zu verbessern. Sie k\u00f6nnen Cookies \u00fcber Ihre Browsereinstellungen akzeptieren oder ablehnen, obwohl das Ablehnen Ihre Website-Erfahrung einschr\u00e4nken kann.  <\/p>\t\t\t\t\t\t\t\t<\/div>\n\t\t\t\t\t<\/div>\n\t\t\t\t<\/div>\n\t\t<div class=\"elementor-element elementor-element-09d0b4e e-flex e-con-boxed e-con e-parent\" data-id=\"09d0b4e\" data-element_type=\"container\" data-e-type=\"container\">\n\t\t\t\t\t<div class=\"e-con-inner\">\n\t\t\t\t<div class=\"elementor-element elementor-element-89a25a8 elementor-widget__width-initial elementor-widget elementor-widget-image\" data-id=\"89a25a8\" data-element_type=\"widget\" data-e-type=\"widget\" data-widget_type=\"image.default\">\n\t\t\t\t\t\t\t\t\t\t\t\t\t\t\t<img fetchpriority=\"high\" decoding=\"async\" width=\"512\" height=\"512\" src=\"https:\/\/bantoro.com\/wp-content\/uploads\/2024\/06\/cropped-Bull-Logo_ONLY-_White_background_200.png\" class=\"attachment-large size-large wp-image-11156\" alt=\"Allgemeine Gesch\u00e4ftsbedingungen\" srcset=\"https:\/\/bantoro.com\/wp-content\/uploads\/2024\/06\/cropped-Bull-Logo_ONLY-_White_background_200.png 512w, https:\/\/bantoro.com\/wp-content\/uploads\/2024\/06\/cropped-Bull-Logo_ONLY-_White_background_200-300x300.png 300w, https:\/\/bantoro.com\/wp-content\/uploads\/2024\/06\/cropped-Bull-Logo_ONLY-_White_background_200-150x150.png 150w, https:\/\/bantoro.com\/wp-content\/uploads\/2024\/06\/cropped-Bull-Logo_ONLY-_White_background_200-100x100.png 100w, https:\/\/bantoro.com\/wp-content\/uploads\/2024\/06\/cropped-Bull-Logo_ONLY-_White_background_200-50x50.png 50w, https:\/\/bantoro.com\/wp-content\/uploads\/2024\/06\/cropped-Bull-Logo_ONLY-_White_background_200-270x270.png 270w, https:\/\/bantoro.com\/wp-content\/uploads\/2024\/06\/cropped-Bull-Logo_ONLY-_White_background_200-192x192.png 192w, https:\/\/bantoro.com\/wp-content\/uploads\/2024\/06\/cropped-Bull-Logo_ONLY-_White_background_200-180x180.png 180w, https:\/\/bantoro.com\/wp-content\/uploads\/2024\/06\/cropped-Bull-Logo_ONLY-_White_background_200-32x32.png 32w\" sizes=\"(max-width: 512px) 100vw, 512px\" \/>\t\t\t\t\t\t\t\t\t\t\t\t\t\t\t<\/div>\n\t\t\t\t\t<\/div>\n\t\t\t\t<\/div>\n\t\t\t\t<\/div>\n\t\t","protected":false},"excerpt":{"rendered":"<p>Datenschutzrichtlinie Diese Datenschutzrichtlinie beschreibt, wie Bantoro.com die pers\u00f6nlichen Daten, die Sie bei der Nutzung unserer Website angeben, erfasst, verwendet und&#8230;<\/p>\n","protected":false},"author":1,"featured_media":0,"parent":0,"menu_order":0,"comment_status":"closed","ping_status":"closed","template":"","meta":{"footnotes":""},"class_list":["post-11155","page","type-page","status-publish","hentry"],"rttpg_featured_image_url":null,"rttpg_author":{"display_name":"Bantoro","author_link":"https:\/\/bantoro.com\/de\/author\/rizonmobile\/"},"rttpg_comment":0,"rttpg_category":" <a href=\"https:\/\/bantoro.com\/de\/?taxonomy=translation_priority&#038;term=optional-de\" rel=\"tag\">Optional<\/a>","rttpg_excerpt":"Datenschutzrichtlinie Diese Datenschutzrichtlinie beschreibt, wie Bantoro.com die pers\u00f6nlichen Daten, die Sie bei der Nutzung unserer Website angeben, erfasst, verwendet und...","_links":{"self":[{"href":"https:\/\/bantoro.com\/de\/wp-json\/wp\/v2\/pages\/11155","targetHints":{"allow":["GET"]}}],"collection":[{"href":"https:\/\/bantoro.com\/de\/wp-json\/wp\/v2\/pages"}],"about":[{"href":"https:\/\/bantoro.com\/de\/wp-json\/wp\/v2\/types\/page"}],"author":[{"embeddable":true,"href":"https:\/\/bantoro.com\/de\/wp-json\/wp\/v2\/users\/1"}],"replies":[{"embeddable":true,"href":"https:\/\/bantoro.com\/de\/wp-json\/wp\/v2\/comments?post=11155"}],"version-history":[{"count":0,"href":"https:\/\/bantoro.com\/de\/wp-json\/wp\/v2\/pages\/11155\/revisions"}],"wp:attachment":[{"href":"https:\/\/bantoro.com\/de\/wp-json\/wp\/v2\/media?parent=11155"}],"curies":[{"name":"wp","href":"https:\/\/api.w.org\/{rel}","templated":true}]}}