{"id":11149,"date":"2024-10-14T09:09:35","date_gmt":"2024-10-14T08:09:35","guid":{"rendered":"https:\/\/bantoro.com\/allgemeine-produktsicherheitsverordnung\/"},"modified":"2025-12-12T14:21:33","modified_gmt":"2025-12-12T14:21:33","slug":"allgemeine-produktsicherheitsverordnung","status":"publish","type":"page","link":"https:\/\/bantoro.com\/de\/allgemeine-produktsicherheitsverordnung\/","title":{"rendered":"Allgemeine Produktsicherheitsverordnung"},"content":{"rendered":"\t\t<div data-elementor-type=\"wp-page\" data-elementor-id=\"11149\" class=\"elementor elementor-11149 elementor-4558\">\n\t\t\t\t<div class=\"elementor-element elementor-element-fb98f94 e-flex e-con-boxed e-con e-parent\" data-id=\"fb98f94\" data-element_type=\"container\" data-e-type=\"container\">\n\t\t\t\t\t<div class=\"e-con-inner\">\n\t\t<div class=\"elementor-element elementor-element-9934f8a e-con-full e-flex e-con e-child\" data-id=\"9934f8a\" data-element_type=\"container\" data-e-type=\"container\">\n\t\t\t\t<div class=\"elementor-element elementor-element-3f9f6b4 elementor-widget elementor-widget-heading\" data-id=\"3f9f6b4\" data-element_type=\"widget\" data-e-type=\"widget\" data-widget_type=\"heading.default\">\n\t\t\t\t\t<h1 class=\"elementor-heading-title elementor-size-default\">Allgemeine Produktsicherheitsverordnung<\/h1>\t\t\t\t<\/div>\n\t\t\t\t<\/div>\n\t\t<div class=\"elementor-element elementor-element-4f61a45 e-con-full e-flex e-con e-child\" data-id=\"4f61a45\" data-element_type=\"container\" data-e-type=\"container\">\n\t\t\t\t<div class=\"elementor-element elementor-element-aba83fb elementor-widget elementor-widget-image\" data-id=\"aba83fb\" data-element_type=\"widget\" data-e-type=\"widget\" data-widget_type=\"image.default\">\n\t\t\t\t\t\t\t\t\t\t\t\t\t\t\t<img fetchpriority=\"high\" decoding=\"async\" width=\"298\" height=\"169\" src=\"https:\/\/bantoro.com\/wp-content\/uploads\/2024\/10\/gpsr_logo-png.webp\" class=\"attachment-large size-large wp-image-11151\" alt=\"Allgemeine Produktsicherheitsverordnung\" \/>\t\t\t\t\t\t\t\t\t\t\t\t\t\t\t<\/div>\n\t\t\t\t<\/div>\n\t\t\t\t\t<\/div>\n\t\t\t\t<\/div>\n\t\t<div class=\"elementor-element elementor-element-23f98f7 e-flex e-con-boxed e-con e-parent\" data-id=\"23f98f7\" data-element_type=\"container\" data-e-type=\"container\">\n\t\t\t\t\t<div class=\"e-con-inner\">\n\t\t\t\t<div class=\"elementor-element elementor-element-9f8c724 elementor-widget elementor-widget-text-editor\" data-id=\"9f8c724\" data-element_type=\"widget\" data-e-type=\"widget\" data-widget_type=\"text-editor.default\">\n\t\t\t\t\t\t\t\t\t<ul><li>Bullwhips &#8211; Sicherheitsinformationen<\/li><li>Flogger &#8211; Sicherheitsinformationen<\/li><li>Bogensch\u00fctzenk\u00f6cher &#8211; Sicherheitsinformationen<\/li><li>Taschen &#8211; Sicherheitsinformationen<\/li><\/ul>\t\t\t\t\t\t\t\t<\/div>\n\t\t\t\t\t<\/div>\n\t\t\t\t<\/div>\n\t\t<div class=\"elementor-element elementor-element-338a649 e-flex e-con-boxed e-con e-parent\" data-id=\"338a649\" data-element_type=\"container\" data-e-type=\"container\">\n\t\t\t\t\t<div class=\"e-con-inner\">\n\t\t\t\t<div class=\"elementor-element elementor-element-be42379 elementor-widget elementor-widget-heading\" data-id=\"be42379\" data-element_type=\"widget\" data-e-type=\"widget\" data-widget_type=\"heading.default\">\n\t\t\t\t\t<h2 class=\"elementor-heading-title elementor-size-default\">Bullwhips Sicherheitsinformationen<\/h2>\t\t\t\t<\/div>\n\t\t\t\t\t<\/div>\n\t\t\t\t<\/div>\n\t\t<div class=\"elementor-element elementor-element-d8e701c e-flex e-con-boxed e-con e-parent\" data-id=\"d8e701c\" data-element_type=\"container\" data-e-type=\"container\">\n\t\t\t\t\t<div class=\"e-con-inner\">\n\t\t\t\t<div class=\"elementor-element elementor-element-7a7edf2 elementor-widget elementor-widget-text-editor\" data-id=\"7a7edf2\" data-element_type=\"widget\" data-e-type=\"widget\" data-widget_type=\"text-editor.default\">\n\t\t\t\t\t\t\t\t\t<p><b>Produkt:<\/b><span style=\"font-weight: 400;\"> Leder \/ Nylon Bullwhip \/ Stockwhip \/ Snake Whip<\/span><span style=\"font-weight: 400;\"><br><\/span><b>Hersteller:<\/b><span style=\"font-weight: 400;\"><a href=\"https:\/\/bantoro.com\/de\/\"> Bantoro<\/a> Limited<\/span><span style=\"font-weight: 400;\"><br><\/span><b>Modell:<\/b><span style=\"font-weight: 400;\"> Verschiedene handgefertigte Lederpeitschen<\/span><\/p><p><span style=\"font-weight: 400;\">Die Lederpeitsche ist ein handgefertigtes Werkzeug, das f\u00fcr erfahrene Benutzer entwickelt wurde. Sie ist aus hochwertigem Leder gefertigt und f\u00fcr den Einsatz in kontrollierten Umgebungen bestimmt. Aufgrund ihres Verletzungspotenzials ist die strikte Einhaltung der Sicherheitsrichtlinien erforderlich, um einen verantwortungsvollen Umgang zu gew\u00e4hrleisten.  <\/span><\/p><h4><b>1. M\u00f6gliche Risiken<\/b><\/h4><ul><li style=\"font-weight: 400;\" aria-level=\"1\"><b>Risiko schwerer Verletzungen:<\/b><span style=\"font-weight: 400;\"> Lederpeitschen k\u00f6nnen schwere k\u00f6rperliche Sch\u00e4den verursachen. Bei unsachgem\u00e4\u00dfer Verwendung k\u00f6nnen sie die Haut aufrei\u00dfen, Prellungen verursachen oder sogar Knochen brechen, wenn gen\u00fcgend Kraft aufgewendet wird.<\/span><\/li><li style=\"font-weight: 400;\" aria-level=\"1\"><b>Hautrisse und -schnitte:<\/b><span style=\"font-weight: 400;\"> Die Spitze (oder der &#8222;Knall&#8220;) der Peitsche kann sich mit extrem hoher Geschwindigkeit bewegen und m\u00f6glicherweise die menschliche Haut schneiden oder brechen. Benutzer m\u00fcssen beim Umgang mit der Peitsche \u00e4u\u00dferst vorsichtig sein und sicherstellen, dass sie mit ihrer Verwendung vertraut sind.<\/span><\/li><\/ul><h4><b>2. Nutzungsumgebung<\/b><\/h4><ul><li style=\"font-weight: 400;\" aria-level=\"1\"><b>Freifl\u00e4chenbedarf:<\/b><span style=\"font-weight: 400;\"> Lederpeitschen sollten nur in gro\u00dfen, offenen Bereichen verwendet werden, um die Sicherheit anderer zu gew\u00e4hrleisten. Es besteht ein erhebliches Risiko, versehentlich Personen in der N\u00e4he zu treffen, wenn die Peitsche in beengten oder \u00fcberf\u00fcllten R\u00e4umen verwendet wird.<\/span><\/li><li style=\"font-weight: 400;\" aria-level=\"1\"><b>Freie Umgebung:<\/b><span style=\"font-weight: 400;\"> Stellen Sie sicher, dass sich keine Hindernisse oder Gegenst\u00e4nde in der N\u00e4he befinden, die besch\u00e4digt werden k\u00f6nnten, und keine Personen oder Tiere innerhalb der effektiven Reichweite der Peitsche (normalerweise mindestens 3 Meter in alle Richtungen).<\/span><\/li><\/ul><h4><b>3. Empfohlene Benutzererfahrung<\/b><\/h4><ul><li style=\"font-weight: 400;\" aria-level=\"1\"><b>Training und Erfahrung:<\/b><span style=\"font-weight: 400;\"> Lederpeitschen sollten idealerweise von Personen verwendet werden, die eine angemessene Schulung erhalten haben oder Erfahrung im Umgang mit Peitschen haben. Anf\u00e4nger sollten in einer sicheren und kontrollierten Umgebung mit minimalem Kraftaufwand \u00fcben, bis sie die erforderlichen F\u00e4higkeiten entwickelt haben.<\/span><\/li><li style=\"font-weight: 400;\" aria-level=\"1\"><b>Pers\u00f6nliche Schutzausr\u00fcstung (PSA):<\/b><span style=\"font-weight: 400;\"> Es wird empfohlen, w\u00e4hrend des Gebrauchs Schutzkleidung wie Augenschutz und lang\u00e4rmlige Kleidung zu tragen, um das Risiko selbstverschuldeter Verletzungen zu minimieren.<\/span><\/li><\/ul><h4><b>4. Richtlinien f\u00fcr den sicheren Umgang<\/b><\/h4><ul><li style=\"font-weight: 400;\" aria-level=\"1\"><b>Vor Gebrauch pr\u00fcfen:<\/b><span style=\"font-weight: 400;\"> \u00dcberpr\u00fcfen Sie die Peitsche vor jedem Gebrauch auf Anzeichen von Verschlei\u00df oder Besch\u00e4digung, insbesondere am Griff und an der Spitze der Peitsche. Eine besch\u00e4digte Peitsche kann sich unberechenbar verhalten und das Verletzungsrisiko erh\u00f6hen.<\/span><\/li><li style=\"font-weight: 400;\" aria-level=\"1\"><b>Richtiger Griff:<\/b><span style=\"font-weight: 400;\"> Achten Sie auf einen sicheren Griff am Griff. Das Abrutschen oder der Verlust der Kontrolle \u00fcber die Peitsche kann zu unbeabsichtigten Schl\u00e4gen f\u00fchren und das Verletzungsrisiko f\u00fcr Sie selbst oder andere erh\u00f6hen.<\/span><\/li><li style=\"font-weight: 400;\" aria-level=\"1\"><b>Kontrollierte Bewegungen:<\/b><span style=\"font-weight: 400;\"> Vermeiden Sie \u00fcberm\u00e4\u00dfige Kraft beim Knallen der Peitsche. Hochgeschwindigkeitsbewegungen k\u00f6nnen die Peitsche schwerer kontrollierbar machen und das Verletzungsrisiko erheblich erh\u00f6hen.<\/span><\/li><\/ul><h4><b>5. Lagerung und Wartung<\/b><\/h4><ul><li style=\"font-weight: 400;\" aria-level=\"1\"><b>Sichere Lagerung:<\/b><span style=\"font-weight: 400;\"> Bewahren Sie die Peitsche an einem sicheren Ort auf, au\u00dferhalb der Reichweite von Kindern oder ungeschulten Personen. Die Peitsche sollte an einem trockenen Ort gelagert werden, fern von Feuchtigkeit oder W\u00e4rmequellen, um die Qualit\u00e4t und Haltbarkeit des Leders zu erhalten.<\/span><\/li><li style=\"font-weight: 400;\" aria-level=\"1\"><b>Regelm\u00e4\u00dfige Wartung:<\/b><span style=\"font-weight: 400;\"> Tragen Sie regelm\u00e4\u00dfig Lederpflegemittel auf, um zu verhindern, dass die Peitsche austrocknet und rei\u00dft, was ihre Leistung und Sicherheit beeintr\u00e4chtigen kann. Weitere Informationen finden Sie unter https:\/\/bantoro.com\/ultimate-leather-bullwhip-care-guide\/<\/span><\/li><\/ul><h4><b>6. Gesetzliche Beschr\u00e4nkungen<\/b><\/h4><ul><li style=\"font-weight: 400;\" aria-level=\"1\"><b>Nicht f\u00fcr Minderj\u00e4hrige geeignet:<\/b><span style=\"font-weight: 400;\"> Dieses Produkt ist kein Spielzeug und sollte nicht von Personen unter 18 Jahren ohne Aufsicht von Erwachsenen und angemessene Schulung verwendet werden.<\/span><\/li><li style=\"font-weight: 400;\" aria-level=\"1\"><b>Verantwortungsvoller Umgang:<\/b><span style=\"font-weight: 400;\"> Die Lederpeitsche sollte verantwortungsbewusst und niemals in einer Weise verwendet werden, die anderen Schaden zuf\u00fcgen k\u00f6nnte. Der Missbrauch des Produkts f\u00fcr gewaltt\u00e4tige oder b\u00f6swillige Zwecke kann zu rechtlichen Konsequenzen f\u00fchren.<\/span><\/li><\/ul><h4><b>7. Haftungsausschluss<\/b><\/h4><p><span style=\"font-weight: 400;\"><a href=\"https:\/\/www.trustpilot.com\/review\/bantoro.com\">Bantoro Limited<\/a> haftet nicht f\u00fcr Verletzungen oder Sch\u00e4den, die durch unsachgem\u00e4\u00dfen oder leichtfertigen Gebrauch der Lederpeitsche entstehen. Es liegt in der Verantwortung des Benutzers, sicherzustellen, dass das Produkt sicher und innerhalb der bereitgestellten Richtlinien verwendet wird. <\/span><\/p><p><span style=\"font-weight: 400;\">Durch die Einhaltung dieser Sicherheitsbestimmungen k\u00f6nnen Benutzer die Handwerkskunst und Leistung einer Lederpeitsche genie\u00dfen und gleichzeitig das Verletzungsrisiko f\u00fcr sich selbst oder andere minimieren.<\/span><\/p><p><span style=\"font-weight: 400;\">Wenn Sie weitere Informationen ben\u00f6tigen oder Fragen haben, wenden Sie sich bitte an admin@bantoro.com<\/span><\/p>\t\t\t\t\t\t\t\t<\/div>\n\t\t\t\t\t<\/div>\n\t\t\t\t<\/div>\n\t\t\t\t<\/div>\n\t\t","protected":false},"excerpt":{"rendered":"<p>Allgemeine Produktsicherheitsverordnung Bullwhips &#8211; Sicherheitsinformationen Flogger &#8211; Sicherheitsinformationen Bogensch\u00fctzenk\u00f6cher &#8211; Sicherheitsinformationen Taschen &#8211; Sicherheitsinformationen Bullwhips Sicherheitsinformationen Produkt: Leder \/ Nylon&#8230;<\/p>\n","protected":false},"author":1,"featured_media":11152,"parent":0,"menu_order":0,"comment_status":"closed","ping_status":"closed","template":"","meta":{"footnotes":""},"class_list":["post-11149","page","type-page","status-publish","has-post-thumbnail","hentry"],"rttpg_featured_image_url":{"full":["https:\/\/bantoro.com\/wp-content\/uploads\/2024\/10\/GPSR_main_image-png.webp",2240,1260,false],"landscape":["https:\/\/bantoro.com\/wp-content\/uploads\/2024\/10\/GPSR_main_image-png.webp",2240,1260,false],"portraits":["https:\/\/bantoro.com\/wp-content\/uploads\/2024\/10\/GPSR_main_image-png.webp",2240,1260,false],"thumbnail":["https:\/\/bantoro.com\/wp-content\/uploads\/2024\/10\/GPSR_main_image-150x150.webp",150,150,true],"medium":["https:\/\/bantoro.com\/wp-content\/uploads\/2024\/10\/GPSR_main_image-300x169.webp",300,169,true],"large":["https:\/\/bantoro.com\/wp-content\/uploads\/2024\/10\/GPSR_main_image-1024x576.webp",1024,576,true],"1536x1536":["https:\/\/bantoro.com\/wp-content\/uploads\/2024\/10\/GPSR_main_image-1536x864.webp",1536,864,true],"2048x2048":["https:\/\/bantoro.com\/wp-content\/uploads\/2024\/10\/GPSR_main_image-2048x1152.webp",2048,1152,true],"woocommerce_thumbnail":["https:\/\/bantoro.com\/wp-content\/uploads\/2024\/10\/GPSR_main_image-300x300.webp",300,300,true],"woocommerce_single":["https:\/\/bantoro.com\/wp-content\/uploads\/2024\/10\/GPSR_main_image-600x338.webp",600,338,true],"woocommerce_gallery_thumbnail":["https:\/\/bantoro.com\/wp-content\/uploads\/2024\/10\/GPSR_main_image-100x100.webp",100,100,true],"variation_swatches_image_size":["https:\/\/bantoro.com\/wp-content\/uploads\/2024\/10\/GPSR_main_image-50x50.webp",50,50,true],"variation_swatches_tooltip_size":["https:\/\/bantoro.com\/wp-content\/uploads\/2024\/10\/GPSR_main_image-100x100.webp",100,100,true]},"rttpg_author":{"display_name":"Bantoro","author_link":"https:\/\/bantoro.com\/de\/author\/rizonmobile\/"},"rttpg_comment":0,"rttpg_category":" <a href=\"https:\/\/bantoro.com\/de\/?taxonomy=translation_priority&#038;term=optional-de\" rel=\"tag\">Optional<\/a>","rttpg_excerpt":"Allgemeine Produktsicherheitsverordnung Bullwhips &#8211; Sicherheitsinformationen Flogger &#8211; Sicherheitsinformationen Bogensch\u00fctzenk\u00f6cher &#8211; Sicherheitsinformationen Taschen &#8211; Sicherheitsinformationen Bullwhips Sicherheitsinformationen Produkt: Leder \/ Nylon...","_links":{"self":[{"href":"https:\/\/bantoro.com\/de\/wp-json\/wp\/v2\/pages\/11149","targetHints":{"allow":["GET"]}}],"collection":[{"href":"https:\/\/bantoro.com\/de\/wp-json\/wp\/v2\/pages"}],"about":[{"href":"https:\/\/bantoro.com\/de\/wp-json\/wp\/v2\/types\/page"}],"author":[{"embeddable":true,"href":"https:\/\/bantoro.com\/de\/wp-json\/wp\/v2\/users\/1"}],"replies":[{"embeddable":true,"href":"https:\/\/bantoro.com\/de\/wp-json\/wp\/v2\/comments?post=11149"}],"version-history":[{"count":0,"href":"https:\/\/bantoro.com\/de\/wp-json\/wp\/v2\/pages\/11149\/revisions"}],"wp:featuredmedia":[{"embeddable":true,"href":"https:\/\/bantoro.com\/de\/wp-json\/wp\/v2\/media\/11152"}],"wp:attachment":[{"href":"https:\/\/bantoro.com\/de\/wp-json\/wp\/v2\/media?parent=11149"}],"curies":[{"name":"wp","href":"https:\/\/api.w.org\/{rel}","templated":true}]}}